{"id":1141,"date":"2018-04-05T11:34:21","date_gmt":"2018-04-05T09:34:21","guid":{"rendered":"https:\/\/www.hotelnapoleonpesaro.it\/domande-frequenti\/"},"modified":"2026-02-12T09:57:59","modified_gmt":"2026-02-12T08:57:59","slug":"faq","status":"publish","type":"page","link":"https:\/\/www.hotelnapoleonpesaro.it\/de\/faq\/","title":{"rendered":"Einige N\u00fctzliche Informationen"},"content":{"rendered":"\r\n<p>&nbsp;<\/p>\r\n<p><strong>CHECK IN und CHECK OUT<\/strong><br \/>Die Kunden die abfahren, k\u00f6nnen das Zimmer nur bis 10 Uhr behalten. Das Zimmer wird sp\u00e4testens um 13 Uhr an den ankommenden Kunden gegeben. Nat\u00fcrlich werden wir alles tun, um Wartezeiten zu minimieren. F\u00fcr eine bessere Organisation w\u00e4re es f\u00fcr uns gut, die ungef\u00e4hre Ankunftszeit zu kennen. Falls Sie am Nachmittag anreisen, steht Ihnen am Abreisetag entweder das Mittagessen oder ein Lunchpaket zu. Wir bitten Sie uns kurz am Vortag zu informieren. Das Hotel vef\u00fcgt \u00fcber eine Gep\u00e4ckaufbewahrung, eine Umkleidekabine und alle Dienstleistungen k\u00f6nnen bis zur Abreise benutzt werden.<br \/><br \/><strong>ZEITEN DES EINGANGS ZUM RESTAURANT<\/strong><br \/>Fr\u00fchst\u00fcck: 7.30 &#8211; 9.45 Uhr<br \/>Mittagessen: 12.30 &#8211; 13.15 Uhr<br \/>Abendessen: 19.30 &#8211; 20.15 Uhr<br \/>Am Vorabend oder bei der Ankunft werden wir Sie bitten, das Men\u00fc auszuf\u00fcllen. Wir bieten immer ein Men\u00f9 mit 3 oder 4 Auswahlm\u00f6glichkeiten.<br \/>Die Gerichte werden von den Kellnern serviert. F\u00fcr Salate, kalte Beilagen, K\u00e4se, Brot und Pizza k\u00f6nnen sich die G\u00e4ste am Buffet bedienen.<br \/><br \/><strong>ALLERGIEN ODER INTOLERANZEN<\/strong><br \/>Wir bitten Sie uns \u00fcber Allergien oder Intoleranzen bei der Buchung und noch einmal bei der Ankunft im Hotel\u00a0 zu informieren.<br \/><br \/><strong>GETR\u00c4NKE UND STRAND<\/strong><br \/>Wir bieten keine All-Inclusive an. Deswegen informieren wir \u00fcber alle zus\u00e4tzlichen Kosten, damit jeder Kunde nach seinen W\u00fcnschen berechnen kann, was er am Ende des Aufenthalts zahlen wird.<br \/><br \/><strong>KINDER<\/strong><br \/>F\u00fcr die kleinen G\u00e4ste bietet das Hotel kostenlos Kinder-Badewanne, Toiletteaufsatz, Kinderbett, usw. Wir bitten Sie bei der Buchung danach zu fragen. Im Restaurant stehen Hochst\u00fchle, Teller und farbige Plastikbecher sowie Spiele, B\u00fccher, Bl\u00e4tter und Buntstifte zur Verf\u00fcgung.<br \/>Wir vorbereiten mit gr\u00f6\u00dfter Sorgfalt Gem\u00fcsebr\u00fche, Gem\u00fcsep\u00fcree, wobei wir die Anweisungen der M\u00fctter genau befolgen. Im Restaurant steht eine Mikrowelle zur Verf\u00fcgung.<br \/>Von Mitte Juni bis Ende August spielt ein Hotelanimateur einige Stunden am fr\u00fchen Nachmittag und nach dem Abendessen mit den Kindern. Wir organisieren Brettspiele, manuelle Aufgaben, Bingo, Quiz und alles, was die Kinder genie\u00dfen k\u00f6nnen, um gl\u00fccklich zusammen zu sein.<br \/><br \/><strong>WELLNESS CENTER<\/strong><br \/>Die Nutzung unseres Wellnesscenters ist f\u00fcr Hotelg\u00e4ste v\u00f6llig kostenlos aber nur f\u00fcr Erwachsenen reserviert.<br \/>Whirlpool und Solariumterrasse sind von 9 bis 20 Uhr ge\u00f6ffnet.<br \/>Sauna, t\u00fcrkisches Bad und emotionale Dusche k\u00f6nnen von 16.30 bis 20.30 Uhr genutzt werden. Wir bitten die Kunden jedoch, mindestens eine halbe Stunde vor dem Gebrauch eine Aktivierung anzufordern. <br \/>Sollte niemand das Welnesszentrum benutzen , bleibt die Anlage geschlossen, um Energiekosten zu sparen.<br \/>Das Wellnesscenter kann exklusiv von 20.30 bis 22.30 Uhr zum Preis von 15,00 Euro (nur Whirlpool) oder 25,00 Euro (Whirlpool und Nassbereich) gebucht werden.<br \/><br \/><strong>GARAGE<\/strong><br \/>Das Hotel verf\u00fcgt \u00fcber eine Tiefgarage, die leider f\u00fcr gro\u00dfe Autos etwas unpraktisch ist. Die Kosten betragen 8,00 \u20ac pro Tag. Es wird empfohlen, es im Voraus zu buchen. Sie haben die M\u00f6glichkeit auf der Stra\u00dfe zu parken, wo die Parkpl\u00e4tze geb\u00fchrenfrei und ohne Parkscheibe vorhanden sind.300 Meter vom Hotel entfernt befindet sich das Parkhaus &#8222;Il Curvone&#8220;. Die Kosten f\u00fcr eine Wochenkarte betragen 40,00 Euro.<br \/><br \/><strong>FAHRR\u00c4DER<\/strong><br \/>Fahrr\u00e4der f\u00fcr Kinder und Erwachsene sind kostenlos erh\u00e4ltlich. Einige haben einen Vorder- oder R\u00fccksitz. Damit alle Kunden sie ben\u00fctzen k\u00f6nnen, darf man die Schl\u00fcssel an der Rezeption abholen nur wenn sie tats\u00e4chlich verwendet werden . Unverz\u00fcglich nach dem Gebrauch m\u00fcssen die Schl\u00fcssel wieder an der Rezeption zur\u00fcckgegeben werden. Reservierungen sind nur gegen Geb\u00fchr m\u00f6glich.<br \/><br \/><strong>STRANDT\u00dcCHER<\/strong><br \/>An der Rezeption k\u00f6nnen Sie kostenlos ein Strandtuch pro Person anfordern. Um die Umwelt zu sch\u00fctzen, darf man die Handt\u00fccher mindestens nach ein paar Tagen wechseln.<br \/><br \/><strong>LAGE<\/strong><br \/>Das Hotel liegt direkt am Meer, 10 Gehminuten vom historischen Zentrum entfernt. Der Bahnhof ist ca. 1,5 km entfernt und mit dem Taxi kann man unser Hotel in 5 Minuten erreichen.Die Kosten betragen ca. 10,00 \u20ac. Ansonsten k\u00f6nnen Sie den Bus Nr. 40 nehmen und an der Haltestelle Trieste &#8211; Marconi aussteigen. Das Hotel ist 100 Mt. entfernt.<br \/><br \/><strong>TIERE<\/strong><br \/>Wir akzeptieren Haustiere, die gewohnt sind, im Haus zu leben. Die Hunde d\u00fcrfen nicht in den gemeinsamen Hotelr\u00e4umen bleiben.<br \/>Wir bitten um einen Zuschlag von 3,00 Euro pro Tag.<br \/><br \/><strong>BUCHUNGSBEST\u00c4TIGUNG<\/strong><br \/>Zur Best\u00e4tigung der Reservierung ben\u00f6tigen wir eine \u00dcberweisung von Euro 400,00. Nur wenn die Reservierung mit einer Frist von mindestens 21 Tagen storniert wird, erstatten wir die ganze Anzahlung. Bei vorzeitiger Abreise werden die Kosten f\u00fcr 3 Tage berechnen.<\/p>\r\n","protected":false},"excerpt":{"rendered":"<p>&nbsp; CHECK IN und CHECK OUTDie Kunden die abfahren, k\u00f6nnen das Zimmer nur bis 10 Uhr behalten. Das Zimmer wird sp\u00e4testens um 13 Uhr an den ankommenden Kunden gegeben. Nat\u00fcrlich werden wir alles tun, um Wartezeiten zu minimieren. F\u00fcr eine bessere Organisation w\u00e4re es f\u00fcr uns gut, die ungef\u00e4hre Ankunftszeit zu kennen. Falls Sie am Nachmittag anreisen, steht Ihnen am Abreisetag entweder das Mittagessen oder ein Lunchpaket zu. Wir bitten &#8230;<\/p>\n","protected":false},"author":4,"featured_media":0,"parent":0,"menu_order":0,"comment_status":"closed","ping_status":"closed","template":"","meta":{"_acf_changed":false},"class_list":["post-1141","page","type-page","status-publish","hentry"],"acf":[],"_links":{"self":[{"href":"https:\/\/www.hotelnapoleonpesaro.it\/de\/wp-json\/wp\/v2\/pages\/1141","targetHints":{"allow":["GET"]}}],"collection":[{"href":"https:\/\/www.hotelnapoleonpesaro.it\/de\/wp-json\/wp\/v2\/pages"}],"about":[{"href":"https:\/\/www.hotelnapoleonpesaro.it\/de\/wp-json\/wp\/v2\/types\/page"}],"author":[{"embeddable":true,"href":"https:\/\/www.hotelnapoleonpesaro.it\/de\/wp-json\/wp\/v2\/users\/4"}],"replies":[{"embeddable":true,"href":"https:\/\/www.hotelnapoleonpesaro.it\/de\/wp-json\/wp\/v2\/comments?post=1141"}],"version-history":[{"count":0,"href":"https:\/\/www.hotelnapoleonpesaro.it\/de\/wp-json\/wp\/v2\/pages\/1141\/revisions"}],"wp:attachment":[{"href":"https:\/\/www.hotelnapoleonpesaro.it\/de\/wp-json\/wp\/v2\/media?parent=1141"}],"curies":[{"name":"wp","href":"https:\/\/api.w.org\/{rel}","templated":true}]}}