{"id":174,"date":"2018-03-07T16:08:47","date_gmt":"2018-03-07T15:08:47","guid":{"rendered":"https:\/\/www.hotelnapoleonpesaro.it\/grazie-per-esserti-iscritto-alla-newsletter\/"},"modified":"2019-01-30T16:07:46","modified_gmt":"2019-01-30T15:07:46","slug":"vielen-dank-fuer-ihre-anmeldung-zum-newsletter","status":"publish","type":"page","link":"https:\/\/www.hotelnapoleonpesaro.it\/de\/vielen-dank-fuer-ihre-anmeldung-zum-newsletter\/","title":{"rendered":"Vielen Dank f\u00fcr Ihre Anmeldung zum Newsletter"},"content":{"rendered":"<p>Die Leitung des\u00a0<strong>Hotel Napoleon Pesaro<\/strong> ist sehr aufmerksam und sensibel auf die Frage der <em>Spam<\/em> (unerw\u00fcnschte E-Mails), so dass, wenn Sie nicht mehr w\u00fcnschen, unsere Botschaften zu empfangen, oder Sie haben nicht den Newsletter abonnieren, erhalten Sie die M\u00f6glichkeit zum Abbestellen am Ende jeder Nachricht.<\/p>\n<p>Mit besten Gr\u00fc\u00dfen,<br \/>\nDas Management<\/p>\n","protected":false},"excerpt":{"rendered":"<p>Die Leitung des\u00a0Hotel Napoleon Pesaro ist sehr aufmerksam und sensibel auf die Frage der Spam (unerw\u00fcnschte E-Mails), so dass, wenn Sie nicht mehr w\u00fcnschen, unsere Botschaften zu empfangen, oder Sie haben nicht den Newsletter abonnieren, erhalten Sie die M\u00f6glichkeit zum Abbestellen am Ende jeder Nachricht. Mit besten Gr\u00fc\u00dfen, Das Management<\/p>\n","protected":false},"author":1,"featured_media":0,"parent":0,"menu_order":0,"comment_status":"closed","ping_status":"closed","template":"","meta":{"_acf_changed":false},"class_list":["post-174","page","type-page","status-publish","hentry"],"acf":[],"_links":{"self":[{"href":"https:\/\/www.hotelnapoleonpesaro.it\/de\/wp-json\/wp\/v2\/pages\/174","targetHints":{"allow":["GET"]}}],"collection":[{"href":"https:\/\/www.hotelnapoleonpesaro.it\/de\/wp-json\/wp\/v2\/pages"}],"about":[{"href":"https:\/\/www.hotelnapoleonpesaro.it\/de\/wp-json\/wp\/v2\/types\/page"}],"author":[{"embeddable":true,"href":"https:\/\/www.hotelnapoleonpesaro.it\/de\/wp-json\/wp\/v2\/users\/1"}],"replies":[{"embeddable":true,"href":"https:\/\/www.hotelnapoleonpesaro.it\/de\/wp-json\/wp\/v2\/comments?post=174"}],"version-history":[{"count":0,"href":"https:\/\/www.hotelnapoleonpesaro.it\/de\/wp-json\/wp\/v2\/pages\/174\/revisions"}],"wp:attachment":[{"href":"https:\/\/www.hotelnapoleonpesaro.it\/de\/wp-json\/wp\/v2\/media?parent=174"}],"curies":[{"name":"wp","href":"https:\/\/api.w.org\/{rel}","templated":true}]}}