{"id":400,"date":"2016-07-29T12:11:55","date_gmt":"2016-07-29T10:11:55","guid":{"rendered":"https:\/\/www.hotelnapoleonpesaro.it\/pagina-di-esempio\/"},"modified":"2019-01-21T12:07:43","modified_gmt":"2019-01-21T11:07:43","slug":"pagina-di-esempio","status":"publish","type":"page","link":"https:\/\/www.hotelnapoleonpesaro.it\/de\/","title":{"rendered":"Familie Pedini hei\u00dft Sie im Hotel Napoleon herzlich willkommen!"},"content":{"rendered":"<p>Unsere zahlreichen Stammg\u00e4ste sch\u00e4tzen die <strong>famili\u00e4re Atmosph\u00e4re<\/strong> unseres Hauses und <strong>unseren professionellen Service<\/strong>.<\/p>\n","protected":false},"excerpt":{"rendered":"<p>Unsere zahlreichen Stammg\u00e4ste sch\u00e4tzen die famili\u00e4re Atmosph\u00e4re unseres Hauses und unseren professionellen Service.<\/p>\n","protected":false},"author":1,"featured_media":577,"parent":0,"menu_order":0,"comment_status":"closed","ping_status":"open","template":"","meta":{"_acf_changed":false},"class_list":["post-400","page","type-page","status-publish","has-post-thumbnail","hentry"],"acf":[],"_links":{"self":[{"href":"https:\/\/www.hotelnapoleonpesaro.it\/de\/wp-json\/wp\/v2\/pages\/400","targetHints":{"allow":["GET"]}}],"collection":[{"href":"https:\/\/www.hotelnapoleonpesaro.it\/de\/wp-json\/wp\/v2\/pages"}],"about":[{"href":"https:\/\/www.hotelnapoleonpesaro.it\/de\/wp-json\/wp\/v2\/types\/page"}],"author":[{"embeddable":true,"href":"https:\/\/www.hotelnapoleonpesaro.it\/de\/wp-json\/wp\/v2\/users\/1"}],"replies":[{"embeddable":true,"href":"https:\/\/www.hotelnapoleonpesaro.it\/de\/wp-json\/wp\/v2\/comments?post=400"}],"version-history":[{"count":0,"href":"https:\/\/www.hotelnapoleonpesaro.it\/de\/wp-json\/wp\/v2\/pages\/400\/revisions"}],"wp:featuredmedia":[{"embeddable":true,"href":"https:\/\/www.hotelnapoleonpesaro.it\/de\/wp-json\/wp\/v2\/media\/577"}],"wp:attachment":[{"href":"https:\/\/www.hotelnapoleonpesaro.it\/de\/wp-json\/wp\/v2\/media?parent=400"}],"curies":[{"name":"wp","href":"https:\/\/api.w.org\/{rel}","templated":true}]}}