{"id":423,"date":"2018-04-05T11:32:02","date_gmt":"2018-04-05T09:32:02","guid":{"rendered":"https:\/\/www.hotelnapoleonpesaro.it\/ristorante\/"},"modified":"2021-08-08T09:06:31","modified_gmt":"2021-08-08T07:06:31","slug":"restaurant","status":"publish","type":"page","link":"https:\/\/www.hotelnapoleonpesaro.it\/de\/restaurant\/","title":{"rendered":"Restaurant"},"content":{"rendered":"<p>Wir verw\u00f6hnen unsere G\u00e4ste noch wie zu Gro\u00dfmutters Zeiten mit leckeren, traditionellen mediterranen Gerichten aus naturbelassenen Zutaten, hausgemachten Nudeln und <strong>viel frischem Fisch<\/strong> \u2013 gesund, nat\u00fcrlich, unverf\u00e4lscht im Geschmack, lautet unsere Devise.<br \/>\nDer Chef des Hauses k\u00fcmmert sich pers\u00f6nlich um unsere f\u00fcr ihre ausgezeichneten Speisen bekannte K\u00fcche.<br \/>\nAm Morgen erwarten wir Sie mit einem \u00fcppigen <strong>Fr\u00fchst\u00fccksbuffet<\/strong>.<br \/>\nZu Mittag und am Abend bereitet unsere erfahrene K\u00f6chin\u00a0regionale Spezialit\u00e4ten und echt italienische, leicht verdauliche, k\u00f6stliche <strong>Hausmannskost<\/strong> zu.<\/p>\n<p>Dazu gibt es ein komplettes <strong>Vorspeisen-und Beilagenbuffet mit Brot und K\u00e4se<\/strong>. Gekr\u00f6nt wird das Ganze von verlockenden Desserts, <strong>hausgemachten Torten<\/strong> und erstklassigem Obst der Saison.<\/p>\n<p>Das Restaurant hat Klimaanlage.<\/p>\n","protected":false},"excerpt":{"rendered":"<p>Wir verw\u00f6hnen unsere G\u00e4ste noch wie zu Gro\u00dfmutters Zeiten mit leckeren, traditionellen mediterranen Gerichten aus naturbelassenen Zutaten, hausgemachten Nudeln und viel frischem Fisch \u2013 gesund, nat\u00fcrlich, unverf\u00e4lscht im Geschmack, lautet unsere Devise. Der Chef des Hauses k\u00fcmmert sich pers\u00f6nlich um unsere f\u00fcr ihre ausgezeichneten Speisen bekannte K\u00fcche. Am Morgen erwarten wir Sie mit einem \u00fcppigen Fr\u00fchst\u00fccksbuffet. Zu Mittag und am Abend bereitet unsere erfahrene K\u00f6chin\u00a0regionale Spezialit\u00e4ten und echt italienische, leicht &#8230;<\/p>\n","protected":false},"author":1,"featured_media":0,"parent":0,"menu_order":0,"comment_status":"closed","ping_status":"closed","template":"","meta":{"_acf_changed":false},"class_list":["post-423","page","type-page","status-publish","hentry"],"acf":[],"_links":{"self":[{"href":"https:\/\/www.hotelnapoleonpesaro.it\/de\/wp-json\/wp\/v2\/pages\/423","targetHints":{"allow":["GET"]}}],"collection":[{"href":"https:\/\/www.hotelnapoleonpesaro.it\/de\/wp-json\/wp\/v2\/pages"}],"about":[{"href":"https:\/\/www.hotelnapoleonpesaro.it\/de\/wp-json\/wp\/v2\/types\/page"}],"author":[{"embeddable":true,"href":"https:\/\/www.hotelnapoleonpesaro.it\/de\/wp-json\/wp\/v2\/users\/1"}],"replies":[{"embeddable":true,"href":"https:\/\/www.hotelnapoleonpesaro.it\/de\/wp-json\/wp\/v2\/comments?post=423"}],"version-history":[{"count":0,"href":"https:\/\/www.hotelnapoleonpesaro.it\/de\/wp-json\/wp\/v2\/pages\/423\/revisions"}],"wp:attachment":[{"href":"https:\/\/www.hotelnapoleonpesaro.it\/de\/wp-json\/wp\/v2\/media?parent=423"}],"curies":[{"name":"wp","href":"https:\/\/api.w.org\/{rel}","templated":true}]}}