{"id":427,"date":"2018-04-05T11:32:16","date_gmt":"2018-04-05T09:32:16","guid":{"rendered":"https:\/\/www.hotelnapoleonpesaro.it\/piscina\/"},"modified":"2019-01-15T11:03:43","modified_gmt":"2019-01-15T10:03:43","slug":"pool","status":"publish","type":"page","link":"https:\/\/www.hotelnapoleonpesaro.it\/de\/pool\/","title":{"rendered":"Der Pool"},"content":{"rendered":"<p>Das Schwimmbad vom Hotel Napoleon in Pesaro, ist wundersch\u00f6n und <strong>sonnseitig<\/strong> gelegen. Es ist <strong>ohne Leiter <\/strong>und wird langsam tiefer, so als w\u00fcrde man ins Meer gehen. Dies macht es sowohl f\u00fcr Erwachsene als auch f\u00fcr Kinder leicht zug\u00e4nglich, und hier k\u00f6nnen Sie sich ganz wie am Strand vom Wasser erfrischen lassen und sonnen.<\/p>\n<p>Der bequeme und ger\u00e4umige <strong>Whirlpool <\/strong>ist<strong> beheizt.<\/strong><\/p>\n<p><strong>Die Kinder k\u00f6nnen sicher spielen<\/strong>, da ihnen ein gro\u00dfer Bereich mit flachem Wasser zur Verf\u00fcgung steht. F\u00fcr sie gibt es au\u00dferdem direkt neben dem Schwimmbad einen gro\u00dfen <strong>Spielraum<\/strong>, und einen <strong>Spielplatz <\/strong>im Freien, die mit einer Tischtennisplatte, einem Billardtisch, einem Kicker und vielen anderen Spielen f\u00fcr unsere kleinen G\u00e4ste ausgestattet sind.\u00a0 Auf Anfrage ist es m\u00f6glich, Schwimmunterricht zu nehmen.<\/p>\n","protected":false},"excerpt":{"rendered":"<p>Das Schwimmbad vom Hotel Napoleon in Pesaro, ist wundersch\u00f6n und sonnseitig gelegen. Es ist ohne Leiter und wird langsam tiefer, so als w\u00fcrde man ins Meer gehen. Dies macht es sowohl f\u00fcr Erwachsene als auch f\u00fcr Kinder leicht zug\u00e4nglich, und hier k\u00f6nnen Sie sich ganz wie am Strand vom Wasser erfrischen lassen und sonnen. Der bequeme und ger\u00e4umige Whirlpool ist beheizt. Die Kinder k\u00f6nnen sicher spielen, da ihnen ein gro\u00dfer &#8230;<\/p>\n","protected":false},"author":1,"featured_media":0,"parent":0,"menu_order":0,"comment_status":"closed","ping_status":"closed","template":"","meta":{"_acf_changed":false},"class_list":["post-427","page","type-page","status-publish","hentry"],"acf":[],"_links":{"self":[{"href":"https:\/\/www.hotelnapoleonpesaro.it\/de\/wp-json\/wp\/v2\/pages\/427","targetHints":{"allow":["GET"]}}],"collection":[{"href":"https:\/\/www.hotelnapoleonpesaro.it\/de\/wp-json\/wp\/v2\/pages"}],"about":[{"href":"https:\/\/www.hotelnapoleonpesaro.it\/de\/wp-json\/wp\/v2\/types\/page"}],"author":[{"embeddable":true,"href":"https:\/\/www.hotelnapoleonpesaro.it\/de\/wp-json\/wp\/v2\/users\/1"}],"replies":[{"embeddable":true,"href":"https:\/\/www.hotelnapoleonpesaro.it\/de\/wp-json\/wp\/v2\/comments?post=427"}],"version-history":[{"count":0,"href":"https:\/\/www.hotelnapoleonpesaro.it\/de\/wp-json\/wp\/v2\/pages\/427\/revisions"}],"wp:attachment":[{"href":"https:\/\/www.hotelnapoleonpesaro.it\/de\/wp-json\/wp\/v2\/media?parent=427"}],"curies":[{"name":"wp","href":"https:\/\/api.w.org\/{rel}","templated":true}]}}