{"id":431,"date":"2018-04-05T11:32:51","date_gmt":"2018-04-05T09:32:51","guid":{"rendered":"https:\/\/www.hotelnapoleonpesaro.it\/la-spiaggia-a-pesaro\/"},"modified":"2024-07-31T18:12:13","modified_gmt":"2024-07-31T16:12:13","slug":"strand","status":"publish","type":"page","link":"https:\/\/www.hotelnapoleonpesaro.it\/de\/strand\/","title":{"rendered":"Strand"},"content":{"rendered":"<p>Unser Hotel liegt am sch\u00f6nsten Strandabschnitt von Pesaro &#8211; <strong>samtweicher, feiner Sand<\/strong> und <strong>Sonne von Morgens bis Abends<\/strong>, da es hier keine hohen Geb\u00e4ude gibt, die ihren Schatten am Nachmittag auf den Strand werfen.<\/p>\n<p><strong>Das Meer wird langsam tiefer und hat keine aus dem Wasser ragenden Wellenbrecher.<\/strong> Dies ist sehr wichtig, weil so ein nat\u00fcrlicher Wasserwechsel m\u00f6glich ist.<\/p>\n<p>Pesaro wird bereits seit Jahren f\u00fcr sein sauberes, reines Meer mit der <strong>blauen Fahne<\/strong><\/p>\n<p>Im Strandbad <strong>Baronciani<\/strong> k\u00f6nnen die Kinder mit ihren Freunden und Animaturen spielen.<\/p>\n<p>Neben Rutschen, Schaukeln und Spielen f\u00fcr die Kleinsten, k\u00f6nnen die Sportbegeisterte <strong>Beach-Volley, Beach-Tennis <\/strong>oder<strong> Tischtennis <\/strong>spielen.<\/p>\n<p><strong>Preise f\u00fcr 1 Sonnenschirm und 2 Liegest\u00fchle im Strandbad Baronciani:<\/strong><\/p>\n<table style=\"height: 130px;width: 615px\">\n<tbody>\n<tr style=\"height: 24px\">\n<td style=\"width: 128px;height: 24px\"><span style=\"font-size: 12pt\">\u00a0<\/span><\/td>\n<td style=\"width: 199px;height: 24px\"><span style=\"font-size: 12pt\"><strong>7 Tage<\/strong><\/span><\/td>\n<td style=\"width: 177px;height: 24px\"><span style=\"font-size: 12pt\"><strong>10 Tage<\/strong><\/span><\/td>\n<td style=\"width: 172px;height: 24px\"><span style=\"font-size: 12pt\"><strong>14 Tage<\/strong><\/span><\/td>\n<\/tr>\n<tr style=\"height: 93px\">\n<td style=\"width: 128px;height: 93px\"><span style=\"color: #196fae;font-size: 12pt\"><strong>ab 13\/6<br \/>\nbis 31\/08<\/strong><\/span><\/td>\n<td style=\"width: 199px;height: 93px\"><span style=\"font-size: 12pt\">3\u00b0 &#8211; 8\u00b0 Reihe<strong><br \/>\n\u20ac 160<br \/>\n<\/strong><\/span><br \/>\n<span style=\"font-size: 12pt\">ab 9\u00b0 Reihe<strong><br \/>\n\u20ac 126<\/strong><\/span><\/td>\n<td style=\"width: 177px;height: 93px\"><span style=\"font-size: 12pt\">3\u00b0 &#8211; 8\u00b0 Reihe<strong><br \/>\n\u20ac 220<br \/>\n<\/strong><\/span><br \/>\n<span style=\"font-size: 12pt\">ab 9\u00b0 Reihe<strong><br \/>\n\u20ac 180<\/strong><\/span><\/td>\n<td style=\"width: 172px;height: 93px\"><span style=\"font-size: 12pt\">3\u00b0 &#8211; 8\u00b0 Reihe<strong><br \/>\n\u20ac 300<br \/>\n<\/strong><\/span><br \/>\n<span style=\"font-size: 12pt\">ab 9\u00b0 Reihe<br \/>\n<strong>\u20ac 252<\/strong><\/span><\/td>\n<\/tr>\n<tr style=\"height: 96px\">\n<td style=\"width: 128px;height: 96px\"><span style=\"color: #196fae;font-size: 12pt\"><strong>bis 12\/6<br \/>\nund ab 1\/9<\/strong><\/span><\/td>\n<td style=\"width: 199px;height: 96px\"><span style=\"font-size: 12pt\">3\u00b0 &#8211; 8\u00b0 Reihe<br \/>\n<strong>\u20ac\u00a0 133<br \/>\n<\/strong><\/span><br \/>\n<span style=\"font-size: 12pt\">ab 9\u00b0 Reihe<strong><br \/>\n\u20ac\u00a0 105<\/strong><\/span><\/td>\n<td style=\"width: 177px;height: 96px\"><span style=\"font-size: 12pt\">3\u00b0 &#8211; 8\u00b0 Reihe<br \/>\n<strong>\u20ac 184<br \/>\n<\/strong><\/span><br \/>\n<span style=\"font-size: 12pt\">ab 9\u00b0 Reihe<br \/>\n<strong>\u20ac 150<\/strong><\/span><\/td>\n<td style=\"width: 172px;height: 96px\"><span style=\"font-size: 12pt\">3\u00b0 &#8211; 8\u00b0\u00a0 Reihe<br \/>\n<strong>\u20ac 252<br \/>\n<\/strong><\/span><br \/>\n<span style=\"font-size: 12pt\">ab 9\u00b0 Reihe<br \/>\n<strong>\u20ac 210<\/strong><\/span><\/td>\n<\/tr>\n<\/tbody>\n<\/table>\n<p><strong>www.bagnibaronciani.com<br \/>\nAntonella und Gino<br \/>\nHaus +390721259010 \/ Strand +39072167527 \/ Handy +393291325427<br \/>\nbaronciani.antonella@libero.it<\/strong><\/p>\n","protected":false},"excerpt":{"rendered":"<p>Unser Hotel liegt am sch\u00f6nsten Strandabschnitt von Pesaro &#8211; samtweicher, feiner Sand und Sonne von Morgens bis Abends, da es hier keine hohen Geb\u00e4ude gibt, die ihren Schatten am Nachmittag auf den Strand werfen. Das Meer wird langsam tiefer und hat keine aus dem Wasser ragenden Wellenbrecher. Dies ist sehr wichtig, weil so ein nat\u00fcrlicher Wasserwechsel m\u00f6glich ist. Pesaro wird bereits seit Jahren f\u00fcr sein sauberes, reines Meer mit der &#8230;<\/p>\n","protected":false},"author":1,"featured_media":0,"parent":0,"menu_order":0,"comment_status":"closed","ping_status":"closed","template":"","meta":{"_acf_changed":false},"class_list":["post-431","page","type-page","status-publish","hentry"],"acf":[],"_links":{"self":[{"href":"https:\/\/www.hotelnapoleonpesaro.it\/de\/wp-json\/wp\/v2\/pages\/431","targetHints":{"allow":["GET"]}}],"collection":[{"href":"https:\/\/www.hotelnapoleonpesaro.it\/de\/wp-json\/wp\/v2\/pages"}],"about":[{"href":"https:\/\/www.hotelnapoleonpesaro.it\/de\/wp-json\/wp\/v2\/types\/page"}],"author":[{"embeddable":true,"href":"https:\/\/www.hotelnapoleonpesaro.it\/de\/wp-json\/wp\/v2\/users\/1"}],"replies":[{"embeddable":true,"href":"https:\/\/www.hotelnapoleonpesaro.it\/de\/wp-json\/wp\/v2\/comments?post=431"}],"version-history":[{"count":0,"href":"https:\/\/www.hotelnapoleonpesaro.it\/de\/wp-json\/wp\/v2\/pages\/431\/revisions"}],"wp:attachment":[{"href":"https:\/\/www.hotelnapoleonpesaro.it\/de\/wp-json\/wp\/v2\/media?parent=431"}],"curies":[{"name":"wp","href":"https:\/\/api.w.org\/{rel}","templated":true}]}}