{"id":434,"date":"2018-04-05T11:33:08","date_gmt":"2018-04-05T09:33:08","guid":{"rendered":"https:\/\/www.hotelnapoleonpesaro.it\/listino\/"},"modified":"2026-02-05T13:43:50","modified_gmt":"2026-02-05T12:43:50","slug":"preiselist","status":"publish","type":"page","link":"https:\/\/www.hotelnapoleonpesaro.it\/de\/preiselist\/","title":{"rendered":"Preiselist 2026"},"content":{"rendered":"<table style=\"height: 240px;width: 100%\" width=\"1096\">\n<tbody>\n<tr style=\"height: 24px\">\n<td style=\"width: 324.609px;height: 24px\"><\/td>\n<td style=\"width: 520.859px;height: 24px;text-align: center\"><strong>ZIMMER MIT SEITEN BLICK ZUM MEER<\/strong><\/td>\n<td style=\"width: 511.531px;height: 24px;text-align: center\"><strong>ZIMMER MEERSEITE<\/strong><\/td>\n<\/tr>\n<tr style=\"height: 24px\">\n<td style=\"width: 324.609px;height: 24px\">bis 12.06<\/td>\n<td style=\"width: 520.859px;height: 24px;text-align: center\">\u20ac 71,00<\/td>\n<td style=\"width: 511.531px;height: 24px;text-align: center\">\u20ac 76,00<\/td>\n<\/tr>\n<tr style=\"height: 24px\">\n<td style=\"width: 324.609px;height: 24px\">vom 13.06 bis 19.06<\/td>\n<td style=\"width: 520.859px;height: 24px;text-align: center\">\u20ac 80,00<\/td>\n<td style=\"width: 511.531px;height: 24px;text-align: center\">\u20ac 85,00<\/td>\n<\/tr>\n<tr style=\"height: 24px\">\n<td style=\"width: 324.609px;height: 24px\">vom 20.06 bis 26.06<\/td>\n<td style=\"width: 520.859px;height: 24px;text-align: center\">\u20ac 87,00<\/td>\n<td style=\"width: 511.531px;height: 24px;text-align: center\">\u20ac 92,00<\/td>\n<\/tr>\n<tr style=\"height: 24px\">\n<td style=\"width: 324.609px;height: 24px\">vom 27.06 bis 31.07<\/td>\n<td style=\"width: 520.859px;height: 24px;text-align: center\">\u20ac 92,00<\/td>\n<td style=\"width: 511.531px;height: 24px;text-align: center\">\u20ac 97,00<\/td>\n<\/tr>\n<tr style=\"height: 24px\">\n<td style=\"width: 324.609px;height: 24px\">vom 01.08 bis 07.08<\/td>\n<td style=\"width: 520.859px;height: 24px;text-align: center\">\u20ac 101,00<\/td>\n<td style=\"width: 511.531px;height: 24px;text-align: center\">\u20ac 106,00<\/td>\n<\/tr>\n<tr style=\"height: 24px\">\n<td style=\"width: 324.609px;height: 24px\">vom 08.08 bis 22.08<\/td>\n<td style=\"width: 520.859px;height: 24px;text-align: center\">\u20ac 111,00<\/td>\n<td style=\"width: 511.531px;height: 24px;text-align: center\">\u20ac 116,00<\/td>\n<\/tr>\n<tr style=\"height: 24px\">\n<td style=\"width: 324.609px;height: 24px\">vom 23.08 bis 29.08<\/td>\n<td style=\"width: 520.859px;text-align: center;height: 24px\">\u20ac 92,00<\/td>\n<td style=\"width: 511.531px;text-align: center;height: 24px\">\u20ac 97,00<\/td>\n<\/tr>\n<tr style=\"height: 24px\">\n<td style=\"width: 324.609px;height: 24px\">vom 30.08 bis 12.09<\/td>\n<td style=\"width: 520.859px;height: 24px;text-align: center\">\u20ac 87,00<\/td>\n<td style=\"width: 511.531px;height: 24px;text-align: center\">\u20ac 92,00<\/td>\n<\/tr>\n<tr style=\"height: 24px\">\n<td style=\"width: 324.609px;height: 24px\">vom 13.09<\/td>\n<td style=\"width: 520.859px;text-align: center;height: 24px\">\u20ac 71,00<\/td>\n<td style=\"width: 511.531px;text-align: center;height: 24px\">\u20ac 76,00<\/td>\n<\/tr>\n<\/tbody>\n<\/table>\n<p>Aufenthalt-Steuer ist nicht enthalten.<\/p>\n<p><em>Alle Preise verstehen sich pro Tag und Person (mindesten 3 Tage) und beinhalten: <strong>Vollpension<\/strong>, Klimaanlage, Sat-TV 32&#8220; LCD, Minibar, Safe u. frei Wi-Fi Verbindung im Zimmer. Benutzung von Kinderspielplatz, Pool u. Whirpool (vom Ende Mai bis Ende September), G\u00e4stefahrr\u00e4der, Gemeinschaftsumkleidekabine und Paddelboat am Strand. <\/em><\/p>\n<p><em><strong>AUF DEM LETZTEN HOTEL-ETAGE, WELLNESSCENTRE &#8222;SKY SPA NAPOLEON&#8220;<\/strong> (90 Mq.) mit Sauna, Dampfbad,\u00a0Hydromassage, emotionale Dusche, Eisfall und FKK-Solarium<strong>.\u00a0<\/strong> Es gibt auch eine grosse <strong>Terrasse<\/strong> (Mq. 280) mit Liegebetten und ganz schone Meerblick zwischen Himmel&#8230;.und See&#8230;.. Die Benutzung ist f\u00fcr unsere G\u00e4ste<strong> FREI<\/strong><\/em><\/p>\n<p>Die Preise gelten nicht zu Messe- und Kongresszeiten.<\/p>\n<ul>\n<li>Einzelzimmer &#8211; Zuschlag: <strong>\u20ac 20.00 pro Tag<\/strong><\/li>\n<li>Garage: \u20ac 8,00 pro Tag; Parkm\u00f6glichkeit an der Stra\u00dfe mit kostenlosem Genehmigungsschein des Hotels oder in mehrst\u00f6ckigem Parkhaus 300 m vom Hotel zu Sonderpreisen (ca. Euro 40,00 pro Woche)<\/li>\n<li>Kleine Haustiere:\u00a0\u20ac 3,00 pro Tag, ohne Verpflegung<\/li>\n<li>Die Zimmer k\u00f6nnen am Anreisetag ab 13 Uhr bezogen und m\u00fcssen am Abreisetag bis 10 Uhr ger\u00e4umt werden<\/li>\n<li>Anzahlung bitte mit Bank\u00fcberweisung in H\u00f6he von\u00a0\u20ac 400,00 pro Zimmer<\/li>\n<\/ul>\n<h5><strong>KINDERERM\u00c4SSIGUNGEN<\/strong><\/h5>\n<ul>\n<li>0 &#8211; 1 Jahr: Erm\u00e4ssigung 80%<\/li>\n<li>2 &#8211; 5 Jahre: Erm\u00e4ssigung 70%<\/li>\n<li>6 &#8211; 12 Jahre: Erm\u00e4ssigung 50%<\/li>\n<li>13 &#8211; 18 Jahre: Erm\u00e4ssigung 30%<\/li>\n<\/ul>\n<p>Nur f\u00fcr Kinder im selben Zimmer mit zwei Erwachsenen.<\/p>\n<p><strong>FAMILY-ROOM, Meerseite<\/strong>, mind. 3 Vollzahlungen.<\/p>\n<p class=\"tw-data-text tw-text-large tw-ta\" dir=\"ltr\" data-placeholder=\"Traduzione\"><strong><span class=\"Y2IQFc\" lang=\"de\">M\u00f6glichkeit, Apartments in der N\u00e4he des Hotels zu mieten. F<\/span><span class=\"Y2IQFc\" lang=\"de\">ragen Sie bitte nach einem Angebot.<\/span><\/strong><\/p>\n<h5><strong>SONDERANGEBOT F\u00dcR FAMILIEN<\/strong><\/h5>\n<p>MAI, JUNI UND SEPTEMBER<br \/>\nAb 7 Tage Aufenthaltsdauer, im Elternzimmer, <strong>1 KIND BIS 8 JAHREN FREI<\/strong><\/p>\n","protected":false},"excerpt":{"rendered":"<p>ZIMMER MIT SEITEN BLICK ZUM MEER ZIMMER MEERSEITE bis 12.06 \u20ac 71,00 \u20ac 76,00 vom 13.06 bis 19.06 \u20ac 80,00 \u20ac 85,00 vom 20.06 bis 26.06 \u20ac 87,00 \u20ac 92,00 vom 27.06 bis 31.07 \u20ac 92,00 \u20ac 97,00 vom 01.08 bis 07.08 \u20ac 101,00 \u20ac 106,00 vom 08.08 bis 22.08 \u20ac 111,00 \u20ac 116,00 vom 23.08 bis 29.08 \u20ac 92,00 \u20ac 97,00 vom 30.08 bis 12.09 \u20ac 87,00 \u20ac 92,00 &#8230;<\/p>\n","protected":false},"author":1,"featured_media":0,"parent":0,"menu_order":0,"comment_status":"closed","ping_status":"closed","template":"","meta":{"_acf_changed":false},"class_list":["post-434","page","type-page","status-publish","hentry"],"acf":[],"_links":{"self":[{"href":"https:\/\/www.hotelnapoleonpesaro.it\/de\/wp-json\/wp\/v2\/pages\/434","targetHints":{"allow":["GET"]}}],"collection":[{"href":"https:\/\/www.hotelnapoleonpesaro.it\/de\/wp-json\/wp\/v2\/pages"}],"about":[{"href":"https:\/\/www.hotelnapoleonpesaro.it\/de\/wp-json\/wp\/v2\/types\/page"}],"author":[{"embeddable":true,"href":"https:\/\/www.hotelnapoleonpesaro.it\/de\/wp-json\/wp\/v2\/users\/1"}],"replies":[{"embeddable":true,"href":"https:\/\/www.hotelnapoleonpesaro.it\/de\/wp-json\/wp\/v2\/comments?post=434"}],"version-history":[{"count":0,"href":"https:\/\/www.hotelnapoleonpesaro.it\/de\/wp-json\/wp\/v2\/pages\/434\/revisions"}],"wp:attachment":[{"href":"https:\/\/www.hotelnapoleonpesaro.it\/de\/wp-json\/wp\/v2\/media?parent=434"}],"curies":[{"name":"wp","href":"https:\/\/api.w.org\/{rel}","templated":true}]}}