{"id":438,"date":"2018-04-23T13:08:22","date_gmt":"2018-04-23T11:08:22","guid":{"rendered":"https:\/\/www.hotelnapoleonpesaro.it\/sport\/"},"modified":"2025-07-04T15:15:31","modified_gmt":"2025-07-04T13:15:31","slug":"sport-bike","status":"publish","type":"page","link":"https:\/\/www.hotelnapoleonpesaro.it\/de\/sport-bike\/","title":{"rendered":"Sport &#038; bike"},"content":{"rendered":"<p>Dank der vielen Radfahrwege und \u2013spuren k\u00f6nnen Sie Pesaro m\u00fche- und gefahrlos mit dem Rad entdecken. Gerne stellen wir Ihnen daf\u00fcr kostenlos unsere hoteleigenen <strong>Fahrr\u00e4der<\/strong> zur Verf\u00fcgung, die auch mit vorne und\/oder hinten angebrachten Kindersitzen ausgestattet sind. Trainierte <strong>Radsportler<\/strong> werden ihr Herz an die herrlichen Panoramastrecken in das h\u00fcgelige Hinterland verlieren.<br \/>\nUnser \u00e4ltester Sohn <strong>Matteo<\/strong> und unsere Mitarbeiter an der Rezeption stehen Ihnen gerne f\u00fcr Ausk\u00fcnfte \u00fcber die angebotenen Wassersportdisziplinen und die Reservierung von Tennis- oder Fu\u00dfballpl\u00e4tzen zur Verf\u00fcgung, die Sie bequem mit dem Fahrrad erreichen k\u00f6nnen.<\/p>\n<p>Zum wohligen Entspannen steht Ihnen \u2013 selbstverst\u00e4ndlich kostenlos &#8211; unsere Wellness-Centre\u00a0zur Verf\u00fcgung.<\/p>\n<p><strong>Strandtuchverleih<\/strong> und frei <strong>Paddleboot<\/strong> am Strand.<br \/>\nAuf Anfrage k\u00f6nnen Sie zu besonders g\u00fcnstigen Preisen Massagen und Sch\u00f6nheitsbehandlungen genie\u00dfen.<\/p>\n<p>&nbsp;<\/p>\n","protected":false},"excerpt":{"rendered":"<p>Dank der vielen Radfahrwege und \u2013spuren k\u00f6nnen Sie Pesaro m\u00fche- und gefahrlos mit dem Rad entdecken. Gerne stellen wir Ihnen daf\u00fcr kostenlos unsere hoteleigenen Fahrr\u00e4der zur Verf\u00fcgung, die auch mit vorne und\/oder hinten angebrachten Kindersitzen ausgestattet sind. Trainierte Radsportler werden ihr Herz an die herrlichen Panoramastrecken in das h\u00fcgelige Hinterland verlieren. Unser \u00e4ltester Sohn Matteo und unsere Mitarbeiter an der Rezeption stehen Ihnen gerne f\u00fcr Ausk\u00fcnfte \u00fcber die angebotenen Wassersportdisziplinen &#8230;<\/p>\n","protected":false},"author":1,"featured_media":0,"parent":0,"menu_order":0,"comment_status":"closed","ping_status":"closed","template":"","meta":{"_acf_changed":false},"class_list":["post-438","page","type-page","status-publish","hentry"],"acf":[],"_links":{"self":[{"href":"https:\/\/www.hotelnapoleonpesaro.it\/de\/wp-json\/wp\/v2\/pages\/438","targetHints":{"allow":["GET"]}}],"collection":[{"href":"https:\/\/www.hotelnapoleonpesaro.it\/de\/wp-json\/wp\/v2\/pages"}],"about":[{"href":"https:\/\/www.hotelnapoleonpesaro.it\/de\/wp-json\/wp\/v2\/types\/page"}],"author":[{"embeddable":true,"href":"https:\/\/www.hotelnapoleonpesaro.it\/de\/wp-json\/wp\/v2\/users\/1"}],"replies":[{"embeddable":true,"href":"https:\/\/www.hotelnapoleonpesaro.it\/de\/wp-json\/wp\/v2\/comments?post=438"}],"version-history":[{"count":0,"href":"https:\/\/www.hotelnapoleonpesaro.it\/de\/wp-json\/wp\/v2\/pages\/438\/revisions"}],"wp:attachment":[{"href":"https:\/\/www.hotelnapoleonpesaro.it\/de\/wp-json\/wp\/v2\/media?parent=438"}],"curies":[{"name":"wp","href":"https:\/\/api.w.org\/{rel}","templated":true}]}}