{"id":441,"date":"2018-04-05T11:35:13","date_gmt":"2018-04-05T09:35:13","guid":{"rendered":"https:\/\/www.hotelnapoleonpesaro.it\/pesaro\/"},"modified":"2025-07-04T15:12:56","modified_gmt":"2025-07-04T13:12:56","slug":"pesaro","status":"publish","type":"page","link":"https:\/\/www.hotelnapoleonpesaro.it\/de\/pesaro\/","title":{"rendered":"Pesaro"},"content":{"rendered":"<p>Zieht sich von den H\u00fcgeln von\u00a0<strong>San Bartolo<\/strong>\u00a0bis Ardizio mit seinem historischen Zentrum, vom Osten gesch\u00fctzt durch die Festung Costanzo und die moderne Garten- Stadt und den K\u00fcsten mit den endlosen Baumalleen. Gro\u00dfen Wirtschaftsimpuls hat in den letzten Jahren der Strandtourismus gegeben. Geschichte, Meer und Kultur. Das sind die Schl\u00fcsselworte von Pesaro. Auf jeden Fall ist es ein Must, folgendes zu besuchen: Der Herzogspalast, das Postgeb\u00e4ude, die Stadtmuseen mit der Pinakothek und das Keramikmuseum, die Kathedrale und das Geburtshaus von einem der ber\u00fchmtesten italienischen Komponisten:\u00a0<strong>Gioacchino Rossini<\/strong>.<\/p>\n<p>Zu seinen Ehren findet jedes Jahr das\u00a0<strong>&#8222;Rossini Opera Festival&#8220;<\/strong>\u00a0statt, ein Event f\u00fcr alle Liebhaber der classischen Musik. Bedeutende romanisch-gotische Kirchen s\u00e4umen die Altstadt. Ein besonderer Zeuge des Renaissance-Stils stellt der Palazzo Ducale da. In Stadtn\u00e4he auf dem H\u00fcgel San Bartolo steht die Villa Imperiale, die ihren Namen vom Kaiser Friedrich III von Habsburg hat.<\/p>\n","protected":false},"excerpt":{"rendered":"<p>Zieht sich von den H\u00fcgeln von\u00a0San Bartolo\u00a0bis Ardizio mit seinem historischen Zentrum, vom Osten gesch\u00fctzt durch die Festung Costanzo und die moderne Garten- Stadt und den K\u00fcsten mit den endlosen Baumalleen. Gro\u00dfen Wirtschaftsimpuls hat in den letzten Jahren der Strandtourismus gegeben. Geschichte, Meer und Kultur. Das sind die Schl\u00fcsselworte von Pesaro. Auf jeden Fall ist es ein Must, folgendes zu besuchen: Der Herzogspalast, das Postgeb\u00e4ude, die Stadtmuseen mit der Pinakothek &#8230;<\/p>\n","protected":false},"author":1,"featured_media":0,"parent":0,"menu_order":0,"comment_status":"closed","ping_status":"closed","template":"","meta":{"_acf_changed":false},"class_list":["post-441","page","type-page","status-publish","hentry"],"acf":[],"_links":{"self":[{"href":"https:\/\/www.hotelnapoleonpesaro.it\/de\/wp-json\/wp\/v2\/pages\/441","targetHints":{"allow":["GET"]}}],"collection":[{"href":"https:\/\/www.hotelnapoleonpesaro.it\/de\/wp-json\/wp\/v2\/pages"}],"about":[{"href":"https:\/\/www.hotelnapoleonpesaro.it\/de\/wp-json\/wp\/v2\/types\/page"}],"author":[{"embeddable":true,"href":"https:\/\/www.hotelnapoleonpesaro.it\/de\/wp-json\/wp\/v2\/users\/1"}],"replies":[{"embeddable":true,"href":"https:\/\/www.hotelnapoleonpesaro.it\/de\/wp-json\/wp\/v2\/comments?post=441"}],"version-history":[{"count":0,"href":"https:\/\/www.hotelnapoleonpesaro.it\/de\/wp-json\/wp\/v2\/pages\/441\/revisions"}],"wp:attachment":[{"href":"https:\/\/www.hotelnapoleonpesaro.it\/de\/wp-json\/wp\/v2\/media?parent=441"}],"curies":[{"name":"wp","href":"https:\/\/api.w.org\/{rel}","templated":true}]}}