{"id":444,"date":"2018-04-05T11:33:29","date_gmt":"2018-04-05T09:33:29","guid":{"rendered":"https:\/\/www.hotelnapoleonpesaro.it\/cura-e-attenzioni-per-i-nostri-piccoli-ospiti\/"},"modified":"2019-01-28T14:05:04","modified_gmt":"2019-01-28T13:05:04","slug":"kinder","status":"publish","type":"page","link":"https:\/\/www.hotelnapoleonpesaro.it\/de\/kinder\/","title":{"rendered":"Kinder"},"content":{"rendered":"<p><strong>Wir haben selber drei Kinder und wissen daher, was einen Urlaub mit der ganzen Familie so richtig sch\u00f6n macht und was Kinder wollen.<\/strong> Daher bieten wir unseren kleinen G\u00e4sten\u00a0eine gut ausgestattete <strong>Bibliothek<\/strong> mit spannenden B\u00fcchern zum Vorlesen bzw. selber Lesen.<br \/>\nEine gro\u00dfe Auswahl an <strong>didaktischen und Gesellschaftsspielen<\/strong> bietet ausgiebige Gelegenheiten, neue Freundschaften zu vertiefen.\u00a0 T\u00e4gliche Animation im Hotel.\u00a0<strong>F\u00fcr die Sicherheit unserer ganz kleinen G\u00e4ste<\/strong> eine gut ausgestattete <strong>Bibliothek<\/strong> mit spannenden B\u00fcchern zum Vorlesen bzw. selber Lesen.\u00a0Eine gro\u00dfe Auswahl an <strong>didaktischen und Gesellschaftsspielen<\/strong> bietet ausgiebige Gelegenheiten, neue Freundschaften zu vertiefen.<\/p>\n<p>T\u00e4gliche Animation im Hotel.<br \/>\n<strong>F\u00fcr die Sicherheit unserer ganz kleinen G\u00e4ste<\/strong> haben wir nat\u00fcrlich sichere Kinderbettchen, Badewannen, WC-Sitze, Hocker,\u00a0\u00a0usw.<br \/>\nZur Ausstattung des Speisesaals geh\u00f6ren nat\u00fcrlich auch Zeichenbl\u00f6cke, Farbstifte, R\u00e4tsel, Hochst\u00fchle und bunte, unzerbrechliche Kinderteller und Becher.<br \/>\nF\u00fcr lustige Radausfl\u00fcge bieten wir unseren G\u00e4sten Fahrr\u00e4der mit vorne oder hinten montierten Kindersitzen und Mountainbikes f\u00fcr Kinder.<\/p>\n<p>Vergessen Sie \u00fcber diese tollen M\u00f6glichkeiten aber nicht auf den\u00a0<a href=\"https:\/\/www.hotelnapoleonpesaro.it\/de\/pool\/\"><strong>Pool<\/strong><\/a>\u00a0und den\u00a0<a href=\"https:\/\/www.hotelnapoleonpesaro.it\/de\/strand\/\"><strong>Strand<\/strong><\/a>!<\/p>\n<p>Und f\u00fcr den Fall der F\u00e4lle gibt es direkt neben dem Hotel eine Apotheke und einen Kinderarzt.<\/p>\n","protected":false},"excerpt":{"rendered":"<p>Wir haben selber drei Kinder und wissen daher, was einen Urlaub mit der ganzen Familie so richtig sch\u00f6n macht und was Kinder wollen. Daher bieten wir unseren kleinen G\u00e4sten\u00a0eine gut ausgestattete Bibliothek mit spannenden B\u00fcchern zum Vorlesen bzw. selber Lesen. Eine gro\u00dfe Auswahl an didaktischen und Gesellschaftsspielen bietet ausgiebige Gelegenheiten, neue Freundschaften zu vertiefen.\u00a0 T\u00e4gliche Animation im Hotel.\u00a0F\u00fcr die Sicherheit unserer ganz kleinen G\u00e4ste eine gut ausgestattete Bibliothek mit spannenden &#8230;<\/p>\n","protected":false},"author":1,"featured_media":0,"parent":0,"menu_order":0,"comment_status":"closed","ping_status":"closed","template":"","meta":{"_acf_changed":false},"class_list":["post-444","page","type-page","status-publish","hentry"],"acf":[],"_links":{"self":[{"href":"https:\/\/www.hotelnapoleonpesaro.it\/de\/wp-json\/wp\/v2\/pages\/444","targetHints":{"allow":["GET"]}}],"collection":[{"href":"https:\/\/www.hotelnapoleonpesaro.it\/de\/wp-json\/wp\/v2\/pages"}],"about":[{"href":"https:\/\/www.hotelnapoleonpesaro.it\/de\/wp-json\/wp\/v2\/types\/page"}],"author":[{"embeddable":true,"href":"https:\/\/www.hotelnapoleonpesaro.it\/de\/wp-json\/wp\/v2\/users\/1"}],"replies":[{"embeddable":true,"href":"https:\/\/www.hotelnapoleonpesaro.it\/de\/wp-json\/wp\/v2\/comments?post=444"}],"version-history":[{"count":0,"href":"https:\/\/www.hotelnapoleonpesaro.it\/de\/wp-json\/wp\/v2\/pages\/444\/revisions"}],"wp:attachment":[{"href":"https:\/\/www.hotelnapoleonpesaro.it\/de\/wp-json\/wp\/v2\/media?parent=444"}],"curies":[{"name":"wp","href":"https:\/\/api.w.org\/{rel}","templated":true}]}}