{"id":483,"date":"2018-04-23T16:28:53","date_gmt":"2018-04-23T14:28:53","guid":{"rendered":"https:\/\/www.hotelnapoleonpesaro.it\/entroterra\/"},"modified":"2019-01-28T14:40:50","modified_gmt":"2019-01-28T13:40:50","slug":"hinterland","status":"publish","type":"page","link":"https:\/\/www.hotelnapoleonpesaro.it\/de\/hinterland\/","title":{"rendered":"Das Hinterland"},"content":{"rendered":"<h4><span style=\"color: #039dcb\"><strong>GRADARA KM 14<\/strong><\/span><\/h4>\n<p>Unsterblich sind die Liebenden Paolo und Francesca aus Gradara durch den grossen Dichter Dante Alighieri und seiner &#8222;G\u00f6ttlichen Kom\u00f6die&#8220; geworden. Sehr ber\u00fchmt ist auch die grossartige Burg, ein wundersch\u00f6nes Beispiel der milit\u00e4rischen Architektur.<\/p>\n<hr \/>\n<h4><span style=\"color: #039dcb\"><strong>URBINO KM 36<\/strong><\/span><\/h4>\n<p>Am Fu\u00dfe des Appenin im Landesinneren der Marken, positioniert auf einem H\u00fcgel liegt die Stadt Urbino. Unter anderem Universit\u00e4tsstadt seit 1506. Bekannt sind das Geburtshaus von Raffaello, heute Sitz der gleichnahmigen Kunsakkademie.1626 wurde die Stadt Urbino dem Staate abgegebem und verlor somit unz\u00e4hlige Kunstsch\u00e4tze, die sich in alle Welt versteuten.<br \/>\nTrotzdem ist diese noch heute eine der sehenswertesten St\u00e4dte Mittelitaliens. Der Palazzo Ducale ist ein Meisterwerk der Renaissance. Die Kirche von San Francesco mit seinem gotischen Turm und dem Altar von Federico Barocci. Die Festung aus dem XV Jahrhundert zum Schutze der Stadt, und die Nationalgallerie der Marken f\u00fchrt Meisterwerke von Piero della Francesca, Raffaello Sanzio und vieler anderer sehr bedeutenswerter K\u00fcnstler.<\/p>\n<hr \/>\n<h4><span style=\"color: #039dcb\"><strong>SAN MARINO KM 60<\/strong><\/span><\/h4>\n<p>Auf dem Berg Titano liegt San Marino, bekannt f\u00fcr die ihre antiken Traditionen und ihre exzellente Gastfreundschaft. Besonders beliebt ist der Weg, der die drei T\u00fcrme auf der Spitze des Titano miteinander verbindet und viel Anklang findet auch die Basilika des Heiligen Marinus aus dem 19. Jahrhundert in klassizistischem Stil. Im antiken Kloster von Santa Chiara finden Kunst-Ausstellungen von hohem Niveau statt. Im September findet der ber\u00fchmte &#8222;Palio delle Balestre&#8220; &#8211; das Fest der Armbrust \u2013 statt. Duty-Free Shopping in den malerischen Gassen der Altst.<\/p>\n<hr \/>\n<h4><span style=\"color: #039dcb\"><strong>SAN LEO KM 72<\/strong><\/span><\/h4>\n<p>Die geheimnisvolle und uneinnehmbare Burg von San Leo ist faszinierend und war auch ein Gef\u00e4ngnis des ber\u00fcchtigten Graf Cagliostro. San Leo ist eine &#8222;Stadt der Kunst&#8220; ernannt worden und verdankt seine Ber\u00fchmtheit dem monumentalen, einzigartigen religi\u00f6sen Komplex und seinem Marktplatz mit seinen pr\u00e4chtigen Geb\u00e4uden aus dem 15. und 16. Jahrhundert. Besonders k\u00f6stlich: Das Elixier des Grafen Cagliostro.<\/p>\n<hr \/>\n<h4><span style=\"color: #039dcb\"><strong>GROTTE DI FRASASSI KM 102<\/strong><\/span><\/h4>\n<p>Die Grotten von Frasassi befinden sich in Genga, in der N\u00e4he von Fabriano. Diese sch\u00f6ne H\u00f6hle wurde erstmals im Jahre 1971 entdeckt. Die Farben sind sehr gut erhalten und ist somit eine der spektakul\u00e4rsten H\u00f6hlen in Europa. Das betreten dieser H\u00f6hlen ist wie in eine neue, abenteuerliche Welt der Farben, Kl\u00e4nge und Lichter einzutauchen.<\/p>\n<hr \/>\n<h4><span style=\"color: #039dcb\"><strong>FANO KM 12<\/strong><\/span><\/h4>\n<p>Fischerhafen und Badeort- touristische Flughafen. Heimat von Clemens VIII. Zu besuchen: Teil der Mauern von August (aus dem Jahr 2 nach Chr.) mit seinen Bogen, der Palazzo und Rocca Malatestiano, die Basilica di San Patemiano und vieles mehr.<\/p>\n","protected":false},"excerpt":{"rendered":"<p>GRADARA KM 14 Unsterblich sind die Liebenden Paolo und Francesca aus Gradara durch den grossen Dichter Dante Alighieri und seiner &#8222;G\u00f6ttlichen Kom\u00f6die&#8220; geworden. Sehr ber\u00fchmt ist auch die grossartige Burg, ein wundersch\u00f6nes Beispiel der milit\u00e4rischen Architektur. URBINO KM 36 Am Fu\u00dfe des Appenin im Landesinneren der Marken, positioniert auf einem H\u00fcgel liegt die Stadt Urbino. Unter anderem Universit\u00e4tsstadt seit 1506. Bekannt sind das Geburtshaus von Raffaello, heute Sitz der gleichnahmigen &#8230;<\/p>\n","protected":false},"author":1,"featured_media":0,"parent":0,"menu_order":0,"comment_status":"closed","ping_status":"closed","template":"","meta":{"_acf_changed":false},"class_list":["post-483","page","type-page","status-publish","hentry"],"acf":[],"_links":{"self":[{"href":"https:\/\/www.hotelnapoleonpesaro.it\/de\/wp-json\/wp\/v2\/pages\/483","targetHints":{"allow":["GET"]}}],"collection":[{"href":"https:\/\/www.hotelnapoleonpesaro.it\/de\/wp-json\/wp\/v2\/pages"}],"about":[{"href":"https:\/\/www.hotelnapoleonpesaro.it\/de\/wp-json\/wp\/v2\/types\/page"}],"author":[{"embeddable":true,"href":"https:\/\/www.hotelnapoleonpesaro.it\/de\/wp-json\/wp\/v2\/users\/1"}],"replies":[{"embeddable":true,"href":"https:\/\/www.hotelnapoleonpesaro.it\/de\/wp-json\/wp\/v2\/comments?post=483"}],"version-history":[{"count":0,"href":"https:\/\/www.hotelnapoleonpesaro.it\/de\/wp-json\/wp\/v2\/pages\/483\/revisions"}],"wp:attachment":[{"href":"https:\/\/www.hotelnapoleonpesaro.it\/de\/wp-json\/wp\/v2\/media?parent=483"}],"curies":[{"name":"wp","href":"https:\/\/api.w.org\/{rel}","templated":true}]}}