{"id":487,"date":"2018-04-23T16:00:38","date_gmt":"2018-04-23T14:00:38","guid":{"rendered":"https:\/\/www.hotelnapoleonpesaro.it\/itinerari-naturalistici\/"},"modified":"2019-01-28T14:38:27","modified_gmt":"2019-01-28T13:38:27","slug":"naturschuetzpark","status":"publish","type":"page","link":"https:\/\/www.hotelnapoleonpesaro.it\/de\/naturschuetzpark\/","title":{"rendered":"Nat\u00fcrsch\u00fctzpark"},"content":{"rendered":"<h3>NATURSCH\u00dcTZPARK SAN BARTOLO<\/h3>\n<p>Es beinhaltet eine sich parallel zur K\u00fcste erstreckende H\u00fcgelkette, deren Gesteinszusammensetzung im Lauf der Zeit zur Entstehung von zwei geomorphologisch unterschiedlichen Abschnitten gef\u00fchrt hat: zu jenem des sich zum Meer hin erstreckenden Hangs, der im allgemeinen steil ist und zu jenem, der auf das Hinterland blickt und eine sanfte Morphologie hat. Das f\u00fcr den San Bartolo Park charakteristische Element ist der hohe K\u00fcstenabschnitt mit schroffen Kliffen, der von <strong>Gabicce bis Pesaro<\/strong> reicht und in der ganzen Adria eine Rarit\u00e4t darstellt. Der restliche Teil des Schutzgebiets besteht aus einer ruralen Landschaft, wo man bis in die 50er Jahre hinein auch an den unvorstellbarsten Stellen, praktisch bis zum Meer hin, Agrarprodukte anbaute.<\/p>\n<hr \/>\n<p>Derzeit sind die <strong>antiken Felder teilweise der nat\u00fcrlichen Vegetation<\/strong> r\u00fcckerstattet worden, sie haben auf alle F\u00e4lle innerhalb des Komplexes vom Parkgebiet immer noch die Identit\u00e4t eines Agrargel\u00e4ndes bewahrt.<br \/>\nUnter dem Gesichtspunkt einer homogenen Darstellung werden wir den Park daher in zwei unterschiedliche Abschnitte einteilen: die Steilk\u00fcste am Meer und der interne Hang.<\/p>\n","protected":false},"excerpt":{"rendered":"<p>NATURSCH\u00dcTZPARK SAN BARTOLO Es beinhaltet eine sich parallel zur K\u00fcste erstreckende H\u00fcgelkette, deren Gesteinszusammensetzung im Lauf der Zeit zur Entstehung von zwei geomorphologisch unterschiedlichen Abschnitten gef\u00fchrt hat: zu jenem des sich zum Meer hin erstreckenden Hangs, der im allgemeinen steil ist und zu jenem, der auf das Hinterland blickt und eine sanfte Morphologie hat. Das f\u00fcr den San Bartolo Park charakteristische Element ist der hohe K\u00fcstenabschnitt mit schroffen Kliffen, der &#8230;<\/p>\n","protected":false},"author":1,"featured_media":0,"parent":0,"menu_order":0,"comment_status":"closed","ping_status":"closed","template":"","meta":{"_acf_changed":false},"class_list":["post-487","page","type-page","status-publish","hentry"],"acf":[],"_links":{"self":[{"href":"https:\/\/www.hotelnapoleonpesaro.it\/de\/wp-json\/wp\/v2\/pages\/487","targetHints":{"allow":["GET"]}}],"collection":[{"href":"https:\/\/www.hotelnapoleonpesaro.it\/de\/wp-json\/wp\/v2\/pages"}],"about":[{"href":"https:\/\/www.hotelnapoleonpesaro.it\/de\/wp-json\/wp\/v2\/types\/page"}],"author":[{"embeddable":true,"href":"https:\/\/www.hotelnapoleonpesaro.it\/de\/wp-json\/wp\/v2\/users\/1"}],"replies":[{"embeddable":true,"href":"https:\/\/www.hotelnapoleonpesaro.it\/de\/wp-json\/wp\/v2\/comments?post=487"}],"version-history":[{"count":0,"href":"https:\/\/www.hotelnapoleonpesaro.it\/de\/wp-json\/wp\/v2\/pages\/487\/revisions"}],"wp:attachment":[{"href":"https:\/\/www.hotelnapoleonpesaro.it\/de\/wp-json\/wp\/v2\/media?parent=487"}],"curies":[{"name":"wp","href":"https:\/\/api.w.org\/{rel}","templated":true}]}}