{"id":399,"date":"2016-07-29T12:11:55","date_gmt":"2016-07-29T10:11:55","guid":{"rendered":"https:\/\/www.hotelnapoleonpesaro.it\/pagina-di-esempio\/"},"modified":"2019-01-21T12:06:40","modified_gmt":"2019-01-21T11:06:40","slug":"pagina-di-esempio","status":"publish","type":"page","link":"https:\/\/www.hotelnapoleonpesaro.it\/fr\/","title":{"rendered":"Hotel 4 \u00e9toiles \u00e0 Pesaro: <br>bienvenue"},"content":{"rendered":"<p><strong>Accueil chaleureux<\/strong> et <strong>qualit\u00e9 du service<\/strong>: un bin\u00f4me qui rend notre h\u00f4tel unique \u00e0 Pesaro.<\/p>\n","protected":false},"excerpt":{"rendered":"<p>Accueil chaleureux et qualit\u00e9 du service: un bin\u00f4me qui rend notre h\u00f4tel unique \u00e0 Pesaro.<\/p>\n","protected":false},"author":1,"featured_media":576,"parent":0,"menu_order":0,"comment_status":"closed","ping_status":"open","template":"","meta":{"_acf_changed":false},"class_list":["post-399","page","type-page","status-publish","has-post-thumbnail","hentry"],"acf":[],"_links":{"self":[{"href":"https:\/\/www.hotelnapoleonpesaro.it\/fr\/wp-json\/wp\/v2\/pages\/399","targetHints":{"allow":["GET"]}}],"collection":[{"href":"https:\/\/www.hotelnapoleonpesaro.it\/fr\/wp-json\/wp\/v2\/pages"}],"about":[{"href":"https:\/\/www.hotelnapoleonpesaro.it\/fr\/wp-json\/wp\/v2\/types\/page"}],"author":[{"embeddable":true,"href":"https:\/\/www.hotelnapoleonpesaro.it\/fr\/wp-json\/wp\/v2\/users\/1"}],"replies":[{"embeddable":true,"href":"https:\/\/www.hotelnapoleonpesaro.it\/fr\/wp-json\/wp\/v2\/comments?post=399"}],"version-history":[{"count":0,"href":"https:\/\/www.hotelnapoleonpesaro.it\/fr\/wp-json\/wp\/v2\/pages\/399\/revisions"}],"wp:featuredmedia":[{"embeddable":true,"href":"https:\/\/www.hotelnapoleonpesaro.it\/fr\/wp-json\/wp\/v2\/media\/576"}],"wp:attachment":[{"href":"https:\/\/www.hotelnapoleonpesaro.it\/fr\/wp-json\/wp\/v2\/media?parent=399"}],"curies":[{"name":"wp","href":"https:\/\/api.w.org\/{rel}","templated":true}]}}