{"id":403,"date":"2017-10-23T15:57:14","date_gmt":"2017-10-23T13:57:14","guid":{"rendered":"https:\/\/www.hotelnapoleonpesaro.it\/camere\/"},"modified":"2022-01-21T14:11:59","modified_gmt":"2022-01-21T13:11:59","slug":"chambres","status":"publish","type":"page","link":"https:\/\/www.hotelnapoleonpesaro.it\/fr\/chambres\/","title":{"rendered":"Chambres"},"content":{"rendered":"<p><strong>TOUTES les chambres sont \u00e9quip\u00e9es de climatisation r\u00e9glable individuellement, balcon avec vue ou face \u00e0 la mer agr\u00e9ment\u00e9 d&rsquo;un petit fauteuil, TV LCD 32&Prime;\/22&Prime;, coffre-fort, s\u00e8che-cheveux, minibar et salle de bain avec cabine douche. <\/strong><strong>Acc\u00e8s Wi-Fi gratuit et pr\u00eat d&rsquo;une serviette de plage<\/strong>.<\/p>\n<p>Nous proposons plusieurs cat\u00e9gories de chambres:<\/p>\n","protected":false},"excerpt":{"rendered":"<p>TOUTES les chambres sont \u00e9quip\u00e9es de climatisation r\u00e9glable individuellement, balcon avec vue ou face \u00e0 la mer agr\u00e9ment\u00e9 d&rsquo;un petit fauteuil, TV LCD 32&Prime;\/22&Prime;, coffre-fort, s\u00e8che-cheveux, minibar et salle de bain avec cabine douche. Acc\u00e8s Wi-Fi gratuit et pr\u00eat d&rsquo;une serviette de plage. Nous proposons plusieurs cat\u00e9gories de chambres:<\/p>\n","protected":false},"author":1,"featured_media":0,"parent":0,"menu_order":0,"comment_status":"closed","ping_status":"closed","template":"template\/template.camere.php","meta":{"_acf_changed":false},"class_list":["post-403","page","type-page","status-publish","hentry"],"acf":[],"_links":{"self":[{"href":"https:\/\/www.hotelnapoleonpesaro.it\/fr\/wp-json\/wp\/v2\/pages\/403","targetHints":{"allow":["GET"]}}],"collection":[{"href":"https:\/\/www.hotelnapoleonpesaro.it\/fr\/wp-json\/wp\/v2\/pages"}],"about":[{"href":"https:\/\/www.hotelnapoleonpesaro.it\/fr\/wp-json\/wp\/v2\/types\/page"}],"author":[{"embeddable":true,"href":"https:\/\/www.hotelnapoleonpesaro.it\/fr\/wp-json\/wp\/v2\/users\/1"}],"replies":[{"embeddable":true,"href":"https:\/\/www.hotelnapoleonpesaro.it\/fr\/wp-json\/wp\/v2\/comments?post=403"}],"version-history":[{"count":0,"href":"https:\/\/www.hotelnapoleonpesaro.it\/fr\/wp-json\/wp\/v2\/pages\/403\/revisions"}],"wp:attachment":[{"href":"https:\/\/www.hotelnapoleonpesaro.it\/fr\/wp-json\/wp\/v2\/media?parent=403"}],"curies":[{"name":"wp","href":"https:\/\/api.w.org\/{rel}","templated":true}]}}