{"id":422,"date":"2018-04-05T11:32:02","date_gmt":"2018-04-05T09:32:02","guid":{"rendered":"https:\/\/www.hotelnapoleonpesaro.it\/ristorante\/"},"modified":"2021-08-08T09:05:00","modified_gmt":"2021-08-08T07:05:00","slug":"restaurant","status":"publish","type":"page","link":"https:\/\/www.hotelnapoleonpesaro.it\/fr\/restaurant\/","title":{"rendered":"Le restaurant"},"content":{"rendered":"<p>Faites un voyage dans le pass\u00e9, lorsqu&rsquo;on savourait des plats authentiques, dans la meilleure tradition de la gastronomie m\u00e9diterran\u00e9enne, \u00e0 base de p\u00e2tes faites \u00e0 la main et de <strong>poisson \u00e0 volont\u00e9<\/strong>. C&rsquo;est la seule chose qui n&rsquo;a pas chang\u00e9 \u00e0 l&rsquo;h\u00f4tel Napol\u00e9on, o\u00f9 l&rsquo;amour pour la bonne cuisine est demeur\u00e9 intact au fil du temps.<br \/>\nEn effet, la cuisine, que le propri\u00e9taire de l&rsquo;h\u00f4tel suit personnellement, est notre atout majeur.<br \/>\nA commencer par le riche <strong>buffet au petit-d\u00e9jeuner<\/strong>.<br \/>\nNotre chef de cuisine Fabio, pr\u00e9parera pour vous toutes nos sp\u00e9cialit\u00e9s r\u00e9gionales, <strong>selon des recettes maison<\/strong>, l\u00e9g\u00e8res et succulentes.<\/p>\n<p>Chaque repas est compl\u00e9t\u00e9 par d&rsquo;irr\u00e9sistibles <strong>buffets de l\u00e9gumes<\/strong>, <strong>hors-d&rsquo;\u0153uvre<\/strong>, <strong>pains et fromages<\/strong>. Pour terminer, laissez-vous tenter par la vari\u00e9t\u00e9 de nos desserts, <strong>avec nos g\u00e2teaux maison<\/strong> et les meilleurs fruits de saison.<\/p>\n<p>Notre restaurant est enti\u00e8rement climatis\u00e9.<\/p>\n","protected":false},"excerpt":{"rendered":"<p>Faites un voyage dans le pass\u00e9, lorsqu&rsquo;on savourait des plats authentiques, dans la meilleure tradition de la gastronomie m\u00e9diterran\u00e9enne, \u00e0 base de p\u00e2tes faites \u00e0 la main et de poisson \u00e0 volont\u00e9. C&rsquo;est la seule chose qui n&rsquo;a pas chang\u00e9 \u00e0 l&rsquo;h\u00f4tel Napol\u00e9on, o\u00f9 l&rsquo;amour pour la bonne cuisine est demeur\u00e9 intact au fil du temps. En effet, la cuisine, que le propri\u00e9taire de l&rsquo;h\u00f4tel suit personnellement, est notre atout &#8230;<\/p>\n","protected":false},"author":1,"featured_media":0,"parent":0,"menu_order":0,"comment_status":"closed","ping_status":"closed","template":"","meta":{"_acf_changed":false},"class_list":["post-422","page","type-page","status-publish","hentry"],"acf":[],"_links":{"self":[{"href":"https:\/\/www.hotelnapoleonpesaro.it\/fr\/wp-json\/wp\/v2\/pages\/422","targetHints":{"allow":["GET"]}}],"collection":[{"href":"https:\/\/www.hotelnapoleonpesaro.it\/fr\/wp-json\/wp\/v2\/pages"}],"about":[{"href":"https:\/\/www.hotelnapoleonpesaro.it\/fr\/wp-json\/wp\/v2\/types\/page"}],"author":[{"embeddable":true,"href":"https:\/\/www.hotelnapoleonpesaro.it\/fr\/wp-json\/wp\/v2\/users\/1"}],"replies":[{"embeddable":true,"href":"https:\/\/www.hotelnapoleonpesaro.it\/fr\/wp-json\/wp\/v2\/comments?post=422"}],"version-history":[{"count":0,"href":"https:\/\/www.hotelnapoleonpesaro.it\/fr\/wp-json\/wp\/v2\/pages\/422\/revisions"}],"wp:attachment":[{"href":"https:\/\/www.hotelnapoleonpesaro.it\/fr\/wp-json\/wp\/v2\/media?parent=422"}],"curies":[{"name":"wp","href":"https:\/\/api.w.org\/{rel}","templated":true}]}}