{"id":426,"date":"2018-04-05T11:32:16","date_gmt":"2018-04-05T09:32:16","guid":{"rendered":"https:\/\/www.hotelnapoleonpesaro.it\/piscina\/"},"modified":"2019-01-30T15:40:07","modified_gmt":"2019-01-30T14:40:07","slug":"piscine","status":"publish","type":"page","link":"https:\/\/www.hotelnapoleonpesaro.it\/fr\/piscine\/","title":{"rendered":"La piscine"},"content":{"rendered":"<p>Notre piscine profite d&rsquo;une situation id\u00e9ale, <strong>toujours expos\u00e9e au soleil<\/strong>, avec en plus un <strong>jacuzzi<\/strong> relaxant. La piscine, d\u00e9pourvue d&rsquo;\u00e9chelles, est accessible par une pente douce, qui donne l&rsquo;impression de plonger dans la mer.<br \/>\nElle a \u00e9t\u00e9 \u00e9tudi\u00e9e pour garantir la s\u00e9curit\u00e9 des enfants, lesquels peuvent s&rsquo;amuser en toute tranquillit\u00e9 dans une <strong>zone peu profonde<\/strong>.<\/p>\n<p>Non loin de la piscine, deux vastes <strong>salles de jeux<\/strong> (une \u00e0 l&rsquo;int\u00e9rieur et l&rsquo;autre en plein air) sont \u00e9quip\u00e9es de tennis de table, billard, espaliers, cyclette et elliptique pour les plus sportifs. Sans oublier le flipper et les innombrables jeux r\u00e9serv\u00e9s aux plus petits.<br \/>\nDes cours de natation sont dispens\u00e9s \u00e0 la demande.<\/p>\n","protected":false},"excerpt":{"rendered":"<p>Notre piscine profite d&rsquo;une situation id\u00e9ale, toujours expos\u00e9e au soleil, avec en plus un jacuzzi relaxant. La piscine, d\u00e9pourvue d&rsquo;\u00e9chelles, est accessible par une pente douce, qui donne l&rsquo;impression de plonger dans la mer. Elle a \u00e9t\u00e9 \u00e9tudi\u00e9e pour garantir la s\u00e9curit\u00e9 des enfants, lesquels peuvent s&rsquo;amuser en toute tranquillit\u00e9 dans une zone peu profonde. Non loin de la piscine, deux vastes salles de jeux (une \u00e0 l&rsquo;int\u00e9rieur et l&rsquo;autre &#8230;<\/p>\n","protected":false},"author":1,"featured_media":0,"parent":0,"menu_order":0,"comment_status":"closed","ping_status":"closed","template":"","meta":{"_acf_changed":false},"class_list":["post-426","page","type-page","status-publish","hentry"],"acf":[],"_links":{"self":[{"href":"https:\/\/www.hotelnapoleonpesaro.it\/fr\/wp-json\/wp\/v2\/pages\/426","targetHints":{"allow":["GET"]}}],"collection":[{"href":"https:\/\/www.hotelnapoleonpesaro.it\/fr\/wp-json\/wp\/v2\/pages"}],"about":[{"href":"https:\/\/www.hotelnapoleonpesaro.it\/fr\/wp-json\/wp\/v2\/types\/page"}],"author":[{"embeddable":true,"href":"https:\/\/www.hotelnapoleonpesaro.it\/fr\/wp-json\/wp\/v2\/users\/1"}],"replies":[{"embeddable":true,"href":"https:\/\/www.hotelnapoleonpesaro.it\/fr\/wp-json\/wp\/v2\/comments?post=426"}],"version-history":[{"count":0,"href":"https:\/\/www.hotelnapoleonpesaro.it\/fr\/wp-json\/wp\/v2\/pages\/426\/revisions"}],"wp:attachment":[{"href":"https:\/\/www.hotelnapoleonpesaro.it\/fr\/wp-json\/wp\/v2\/media?parent=426"}],"curies":[{"name":"wp","href":"https:\/\/api.w.org\/{rel}","templated":true}]}}