{"id":430,"date":"2018-04-05T11:32:51","date_gmt":"2018-04-05T09:32:51","guid":{"rendered":"https:\/\/www.hotelnapoleonpesaro.it\/la-spiaggia-a-pesaro\/"},"modified":"2024-07-31T18:12:38","modified_gmt":"2024-07-31T16:12:38","slug":"plage","status":"publish","type":"page","link":"https:\/\/www.hotelnapoleonpesaro.it\/fr\/plage\/","title":{"rendered":"La plage"},"content":{"rendered":"<p>Notre h\u00f4tel se trouve devant la plus belle plage de Pesaro, recouverte de <strong>sable fin<\/strong> et <strong>toujours expos\u00e9e au soleil<\/strong>, gr\u00e2ce \u00e0 l&rsquo;absence d&rsquo;immeubles hauts qui pourraient projeter leur ombre l&rsquo;apr\u00e8s-midi.<br \/>\nLa mer descend en pente douce et ne pr\u00e9sente pas de rochers \u00e9merg\u00e9s.<br \/>\nNous sommes fiers de vous annoncer que Pesaro arbore depuis plusieurs ann\u00e9es le <strong>drapeau bleu<\/strong>, qui atteste la propret\u00e9 des eaux de baignade.<\/p>\n<p>A la plage, <strong>animation quotidienne pour les enfants<\/strong>, terrain de beach-volley et de beach-tennis, tennis de table.<\/p>\n<p><strong>Le prix pour 1 parasol et 2 chaises longues, presso i Bagni Baronciani est la suivante:<\/strong><\/p>\n<table style=\"height: 326px;width: 644px\">\n<tbody>\n<tr style=\"height: 24px\">\n<td style=\"width: 105.6px;height: 24px\"><span style=\"font-size: 12pt\">\u00a0<\/span><\/td>\n<td style=\"width: 168px;height: 24px\"><span style=\"font-size: 12pt\"><strong>7 journ\u00e8es<\/strong><\/span><\/td>\n<td style=\"width: 172.8px;height: 24px\"><span style=\"font-size: 12pt\"><strong>10 journ\u00e8es<\/strong><\/span><\/td>\n<td style=\"width: 172px;height: 24px\"><span style=\"font-size: 12pt\"><strong>14 journ\u00e8es<\/strong><\/span><\/td>\n<\/tr>\n<tr style=\"height: 93px\">\n<td style=\"width: 105.6px;height: 93px\"><span style=\"color: #196fae;font-size: 12pt\"><strong>de 13\/6<br \/>\njusq&rsquo;\u00e0 31\/08<\/strong><\/span><\/td>\n<td style=\"width: 168px;height: 93px\"><span style=\"font-size: 12pt\">3\u00b0 &#8211; 8\u00b0 rang\u00e8e<strong><br \/>\n\u20ac 160<br \/>\n<\/strong><\/span><br \/>\n<span style=\"font-size: 12pt\"> \u00e0 partir de la 9\u00b0 rang\u00e8e<strong><br \/>\n\u20ac 126<\/strong><\/span><\/td>\n<td style=\"width: 172.8px;height: 93px\"><span style=\"font-size: 12pt\">3\u00b0 &#8211; 8\u00b0 rang\u00e8e<strong><br \/>\n\u20ac 220<br \/>\n<\/strong><\/span><br \/>\n<span style=\"font-size: 12pt\">\u00e0 partir de la 9\u00b0 rang\u00e8e<strong><br \/>\n\u20ac 180<\/strong><\/span><\/td>\n<td style=\"width: 172px;height: 93px\"><span style=\"font-size: 12pt\">3\u00b0 &#8211; 8\u00b0 rang\u00e8e<strong><br \/>\n\u20ac 300<br \/>\n<\/strong><\/span><br \/>\n<span style=\"font-size: 12pt\">\u00e0 partir de la 9\u00b0 rang\u00e8e<br \/>\n<strong>\u20ac 252<\/strong><\/span><\/td>\n<\/tr>\n<tr style=\"height: 96px\">\n<td style=\"width: 105.6px;height: 96px\"><span style=\"color: #196fae;font-size: 12pt\"><strong>jusq&rsquo;\u00e0 12\/6<br \/>\net de 1\/9<\/strong><\/span><\/td>\n<td style=\"width: 168px;height: 96px\"><span style=\"font-size: 12pt\">3\u00b0 &#8211; 8\u00b0 rang\u00e8e<br \/>\n<strong>\u20ac\u00a0 133<br \/>\n<\/strong><\/span><br \/>\n<span style=\"font-size: 12pt\">\u00e0 partir de la 9\u00b0 rang\u00e8e<strong><br \/>\n\u20ac\u00a0 105<\/strong><\/span><\/td>\n<td style=\"width: 172.8px;height: 96px\"><span style=\"font-size: 12pt\">3\u00b0 &#8211; 8\u00b0 rang\u00e8e<br \/>\n<strong>\u20ac 184<br \/>\n<\/strong><\/span><br \/>\n<span style=\"font-size: 12pt\">\u00e0 partir de la 9\u00b0 rang\u00e8e<br \/>\n<strong>\u20ac 150<\/strong><\/span><\/td>\n<td style=\"width: 172px;height: 96px\"><span style=\"font-size: 12pt\">3\u00b0 &#8211; 8\u00b0\u00a0 rang\u00e8e<br \/>\n<strong>\u20ac 252<br \/>\n<\/strong><\/span><br \/>\n<span style=\"font-size: 12pt\">\u00e0 partir de la 9\u00b0 rang\u00e8e<br \/>\n<strong>\u20ac 210<\/strong><\/span><\/td>\n<\/tr>\n<\/tbody>\n<\/table>\n<p><strong>www.bagnibaronciani.com<br \/>\nAntonella et Gino<br \/>\nmaison +390721259010 \/ plage +39072167527 \/ portable +393291325427<br \/>\nbaronciani.antonella@libero.it<\/strong><\/p>\n","protected":false},"excerpt":{"rendered":"<p>Notre h\u00f4tel se trouve devant la plus belle plage de Pesaro, recouverte de sable fin et toujours expos\u00e9e au soleil, gr\u00e2ce \u00e0 l&rsquo;absence d&rsquo;immeubles hauts qui pourraient projeter leur ombre l&rsquo;apr\u00e8s-midi. La mer descend en pente douce et ne pr\u00e9sente pas de rochers \u00e9merg\u00e9s. Nous sommes fiers de vous annoncer que Pesaro arbore depuis plusieurs ann\u00e9es le drapeau bleu, qui atteste la propret\u00e9 des eaux de baignade. A la plage, &#8230;<\/p>\n","protected":false},"author":1,"featured_media":0,"parent":0,"menu_order":0,"comment_status":"closed","ping_status":"closed","template":"","meta":{"_acf_changed":false},"class_list":["post-430","page","type-page","status-publish","hentry"],"acf":[],"_links":{"self":[{"href":"https:\/\/www.hotelnapoleonpesaro.it\/fr\/wp-json\/wp\/v2\/pages\/430","targetHints":{"allow":["GET"]}}],"collection":[{"href":"https:\/\/www.hotelnapoleonpesaro.it\/fr\/wp-json\/wp\/v2\/pages"}],"about":[{"href":"https:\/\/www.hotelnapoleonpesaro.it\/fr\/wp-json\/wp\/v2\/types\/page"}],"author":[{"embeddable":true,"href":"https:\/\/www.hotelnapoleonpesaro.it\/fr\/wp-json\/wp\/v2\/users\/1"}],"replies":[{"embeddable":true,"href":"https:\/\/www.hotelnapoleonpesaro.it\/fr\/wp-json\/wp\/v2\/comments?post=430"}],"version-history":[{"count":0,"href":"https:\/\/www.hotelnapoleonpesaro.it\/fr\/wp-json\/wp\/v2\/pages\/430\/revisions"}],"wp:attachment":[{"href":"https:\/\/www.hotelnapoleonpesaro.it\/fr\/wp-json\/wp\/v2\/media?parent=430"}],"curies":[{"name":"wp","href":"https:\/\/api.w.org\/{rel}","templated":true}]}}