{"id":433,"date":"2018-04-05T11:33:08","date_gmt":"2018-04-05T09:33:08","guid":{"rendered":"https:\/\/www.hotelnapoleonpesaro.it\/listino\/"},"modified":"2026-02-05T13:43:08","modified_gmt":"2026-02-05T12:43:08","slug":"liste-de-prix","status":"publish","type":"page","link":"https:\/\/www.hotelnapoleonpesaro.it\/fr\/liste-de-prix\/","title":{"rendered":"Tarifs 2026"},"content":{"rendered":"<p>&nbsp;<\/p>\n<table style=\"height: 216px;width: 100%\" width=\"1096\">\n<tbody>\n<tr style=\"height: 24px\">\n<td style=\"width: 29.5663%;height: 24px\"><\/td>\n<td style=\"width: 37.4507%;height: 24px;text-align: center\"><strong>CHAMBRE AVEC VUE \u00c0 C\u00d4T\u00c9 SUR LA MER<\/strong><\/td>\n<td style=\"width: 31.9317%;height: 24px;text-align: center\"><strong>CHAMBRE FRONT \u00c0 LA MER<\/strong><\/td>\n<\/tr>\n<tr style=\"height: 24px\">\n<td style=\"width: 29.5663%;height: 24px\">jusq&rsquo;\u00e0\u00a0 12.06<\/td>\n<td style=\"width: 37.4507%;height: 24px;text-align: center\">\u20ac 71,00<\/td>\n<td style=\"width: 31.9317%;height: 24px;text-align: center\">\u20ac 76,00<\/td>\n<\/tr>\n<tr style=\"height: 24px\">\n<td style=\"width: 29.5663%;height: 24px\">de 13.06 jusq&rsquo;\u00e0 19.06<\/td>\n<td style=\"width: 37.4507%;height: 24px;text-align: center\">\u20ac 80,00<\/td>\n<td style=\"width: 31.9317%;height: 24px;text-align: center\">\u20ac 85,00<\/td>\n<\/tr>\n<tr style=\"height: 24px\">\n<td style=\"width: 29.5663%;height: 24px\">de 20.06 jusq&rsquo;\u00e0 26.06<\/td>\n<td style=\"width: 37.4507%;height: 24px;text-align: center\">\u20ac 87,00<\/td>\n<td style=\"width: 31.9317%;height: 24px;text-align: center\">\u20ac 92,00<\/td>\n<\/tr>\n<tr style=\"height: 24px\">\n<td style=\"width: 29.5663%;height: 24px\">de 27.06 jusq&rsquo;\u00e0 31.07<\/td>\n<td style=\"width: 37.4507%;height: 24px;text-align: center\">\u20ac 92,00<\/td>\n<td style=\"width: 31.9317%;height: 24px;text-align: center\">\u20ac 97,00<\/td>\n<\/tr>\n<tr style=\"height: 24px\">\n<td style=\"width: 29.5663%;height: 24px\">de 01.08 jusq&rsquo;\u00e0 07.08<\/td>\n<td style=\"width: 37.4507%;height: 24px;text-align: center\">\u20ac 101,00<\/td>\n<td style=\"width: 31.9317%;height: 24px;text-align: center\">\u20ac 106,00<\/td>\n<\/tr>\n<tr style=\"height: 24px\">\n<td style=\"width: 29.5663%;height: 24px\">de 08.08 jusq&rsquo;\u00e0 22.08<\/td>\n<td style=\"width: 37.4507%;height: 24px;text-align: center\">\u20ac 111,00<\/td>\n<td style=\"width: 31.9317%;height: 24px;text-align: center\">\u20ac 116,00<\/td>\n<\/tr>\n<tr style=\"height: 24px\">\n<td style=\"width: 29.5663%;height: 24px\">de 23.08 jusq&rsquo;\u00e0 29.09<\/td>\n<td style=\"width: 37.4507%;height: 24px;text-align: center\">\u20ac 92,00<\/td>\n<td style=\"width: 31.9317%;height: 24px;text-align: center\">\u20ac 97,00<\/td>\n<\/tr>\n<tr>\n<td style=\"width: 29.5663%\">de 30.08 jusq&rsquo;\u00e0 12.09<\/td>\n<td style=\"width: 37.4507%;text-align: center\">\u20ac 87,00<\/td>\n<td style=\"width: 31.9317%;text-align: center\">\u20ac 92,00<\/td>\n<\/tr>\n<tr style=\"height: 24px\">\n<td style=\"width: 29.5663%;height: 24px\">de 13.09<\/td>\n<td style=\"width: 37.4507%;text-align: center;height: 24px\">\u20ac 71,00<\/td>\n<td style=\"width: 31.9317%;text-align: center;height: 24px\">\u20ac 76,00<\/td>\n<\/tr>\n<\/tbody>\n<\/table>\n<p>La\u00a0taxe de s\u00e9jour n\u2019est pas incluse.<\/p>\n<p><em>Les prix s&rsquo;entendent par jour et par personne, pour minimunm 3 jours. Ils comprennent: <strong>pension compl\u00e8te<\/strong>, climatisation, TV satellite, minibar, coffre-fort, Wi-Fi, salle de jeux, piscine et jacuzzi, v\u00e9los, draps de bains \u00e0 disposition, cabine commune et\u00a0\u00a0cano\u00ea gratis \u00e0 la plage. <strong>Gratuit<\/strong> pour notre clients au dernier etage <strong>Wellness centre \u00ab\u00a0SKY SPA NAPOLEON\u00a0\u00bb<\/strong> (90 mq) avec <strong>terrasse panoramique<\/strong> (280 mq) entre le ciel &#8230;.et le mer&#8230;<\/em><\/p>\n<p>Ces prix ne s&rsquo;appliquent pas en p\u00e9riode de salons ou congr\u00e8s.<\/p>\n<ul>\n<li>Suppl\u00e9ment chambre simple: \u20ac 20,00 par jour<\/li>\n<li>Garage: \u20ac 8,00 par jour. Il est possible de garer sa voiture dans la rue, en se procurant un permis gratuit aupr\u00e8s de l&rsquo;H\u00f4tel, ou bien dans un parking multi-\u00e9tages, situ\u00e9 \u00e0 300 m de l&rsquo;H\u00f4tel, qui pratique des prix pr\u00e9f\u00e9rentiels (ca. Euro 400,00 pour 7 jours)<\/li>\n<li>Suppl\u00e9ment animaux domestiques : \u20ac 3,00 par jour (sans repas)<\/li>\n<li>Les chambres sont \u00e0 la disposition des Clients \u00e0 partir de 13h00 du jour d&rsquo;arriv\u00e9e et jusqu&rsquo;\u00e0 10h00 du jour de d\u00e9part<\/li>\n<li>Lors de la r\u00e9servation, des arrhes de \u20ac 400,00\u00a0par chambre doivent \u00eatre vers\u00e9es.<\/li>\n<\/ul>\n<p><strong>REDUCTIONS POUR LES ENFANTS <\/strong>en chambre avec deux adultes<\/p>\n<ul>\n<li>0 &#8211; 1 an: r\u00e9duction de 80%<\/li>\n<li>2 &#8211; 5 ans: r\u00e9duction de 70%<\/li>\n<li>6 &#8211; 12 ans: r\u00e9duction de 50%<\/li>\n<li>13 &#8211; 18 ans: r\u00e9duction de 30%<\/li>\n<\/ul>\n<p><strong>FAMILY-ROOM front \u00e0 la mer:<\/strong> minimum 3 tarifs entiers.<\/p>\n<p><strong>OFFRE SPECIALE POUR LES FAMILLES<\/strong><\/p>\n<p>MAI, JUIN et SEPTEMBRE<br \/>\nS\u00e9jours minimum de 7 jours,\u00a0 en chambre avec deux adultes, <strong>1 ENFANT JUSQU&rsquo;A 8 ANS GRATUIT<\/strong><\/p>\n","protected":false},"excerpt":{"rendered":"<p>&nbsp; CHAMBRE AVEC VUE \u00c0 C\u00d4T\u00c9 SUR LA MER CHAMBRE FRONT \u00c0 LA MER jusq&rsquo;\u00e0\u00a0 12.06 \u20ac 71,00 \u20ac 76,00 de 13.06 jusq&rsquo;\u00e0 19.06 \u20ac 80,00 \u20ac 85,00 de 20.06 jusq&rsquo;\u00e0 26.06 \u20ac 87,00 \u20ac 92,00 de 27.06 jusq&rsquo;\u00e0 31.07 \u20ac 92,00 \u20ac 97,00 de 01.08 jusq&rsquo;\u00e0 07.08 \u20ac 101,00 \u20ac 106,00 de 08.08 jusq&rsquo;\u00e0 22.08 \u20ac 111,00 \u20ac 116,00 de 23.08 jusq&rsquo;\u00e0 29.09 \u20ac 92,00 \u20ac 97,00 de 30.08 &#8230;<\/p>\n","protected":false},"author":1,"featured_media":0,"parent":0,"menu_order":0,"comment_status":"closed","ping_status":"closed","template":"","meta":{"_acf_changed":false},"class_list":["post-433","page","type-page","status-publish","hentry"],"acf":[],"_links":{"self":[{"href":"https:\/\/www.hotelnapoleonpesaro.it\/fr\/wp-json\/wp\/v2\/pages\/433","targetHints":{"allow":["GET"]}}],"collection":[{"href":"https:\/\/www.hotelnapoleonpesaro.it\/fr\/wp-json\/wp\/v2\/pages"}],"about":[{"href":"https:\/\/www.hotelnapoleonpesaro.it\/fr\/wp-json\/wp\/v2\/types\/page"}],"author":[{"embeddable":true,"href":"https:\/\/www.hotelnapoleonpesaro.it\/fr\/wp-json\/wp\/v2\/users\/1"}],"replies":[{"embeddable":true,"href":"https:\/\/www.hotelnapoleonpesaro.it\/fr\/wp-json\/wp\/v2\/comments?post=433"}],"version-history":[{"count":0,"href":"https:\/\/www.hotelnapoleonpesaro.it\/fr\/wp-json\/wp\/v2\/pages\/433\/revisions"}],"wp:attachment":[{"href":"https:\/\/www.hotelnapoleonpesaro.it\/fr\/wp-json\/wp\/v2\/media?parent=433"}],"curies":[{"name":"wp","href":"https:\/\/api.w.org\/{rel}","templated":true}]}}