{"id":437,"date":"2018-04-23T13:08:22","date_gmt":"2018-04-23T11:08:22","guid":{"rendered":"https:\/\/www.hotelnapoleonpesaro.it\/sport\/"},"modified":"2025-07-04T15:14:59","modified_gmt":"2025-07-04T13:14:59","slug":"sport-bike","status":"publish","type":"page","link":"https:\/\/www.hotelnapoleonpesaro.it\/fr\/sport-bike\/","title":{"rendered":"Sport &#038; bike"},"content":{"rendered":"<p>Pesaro est une ville id\u00e9ale pour une balade \u00e0 v\u00e9lo, gr\u00e2ce \u00e0 ses pistes cyclables. Profitez donc des <strong>bicyclettes<\/strong> que nous mettons gratuitement \u00e0 votre disposition (avec des si\u00e8ges pour enfant avant\/arri\u00e8re). Les <strong>cyclotouristes<\/strong> les plus passionn\u00e9s garderont le souvenir des collines et des routes panoramiques de notre belle r\u00e9gion.<br \/>\nNotre fils a\u00een\u00e9, <strong>Matteo<\/strong>, ainsi que le personnel de la r\u00e9ception seront toujours \u00e0 votre disposition pour vous fournir des informations utiles sur les sports aquatiques, la r\u00e9servation des courts de tennis et des terrains de football \u00e0 huit, facilement accessibles \u00e0 v\u00e9lo.<br \/>\nCano\u00ea gratis a la plage.<\/p>\n","protected":false},"excerpt":{"rendered":"<p>Pesaro est une ville id\u00e9ale pour une balade \u00e0 v\u00e9lo, gr\u00e2ce \u00e0 ses pistes cyclables. Profitez donc des bicyclettes que nous mettons gratuitement \u00e0 votre disposition (avec des si\u00e8ges pour enfant avant\/arri\u00e8re). Les cyclotouristes les plus passionn\u00e9s garderont le souvenir des collines et des routes panoramiques de notre belle r\u00e9gion. Notre fils a\u00een\u00e9, Matteo, ainsi que le personnel de la r\u00e9ception seront toujours \u00e0 votre disposition pour vous fournir des &#8230;<\/p>\n","protected":false},"author":1,"featured_media":0,"parent":0,"menu_order":0,"comment_status":"closed","ping_status":"closed","template":"","meta":{"_acf_changed":false},"class_list":["post-437","page","type-page","status-publish","hentry"],"acf":[],"_links":{"self":[{"href":"https:\/\/www.hotelnapoleonpesaro.it\/fr\/wp-json\/wp\/v2\/pages\/437","targetHints":{"allow":["GET"]}}],"collection":[{"href":"https:\/\/www.hotelnapoleonpesaro.it\/fr\/wp-json\/wp\/v2\/pages"}],"about":[{"href":"https:\/\/www.hotelnapoleonpesaro.it\/fr\/wp-json\/wp\/v2\/types\/page"}],"author":[{"embeddable":true,"href":"https:\/\/www.hotelnapoleonpesaro.it\/fr\/wp-json\/wp\/v2\/users\/1"}],"replies":[{"embeddable":true,"href":"https:\/\/www.hotelnapoleonpesaro.it\/fr\/wp-json\/wp\/v2\/comments?post=437"}],"version-history":[{"count":0,"href":"https:\/\/www.hotelnapoleonpesaro.it\/fr\/wp-json\/wp\/v2\/pages\/437\/revisions"}],"wp:attachment":[{"href":"https:\/\/www.hotelnapoleonpesaro.it\/fr\/wp-json\/wp\/v2\/media?parent=437"}],"curies":[{"name":"wp","href":"https:\/\/api.w.org\/{rel}","templated":true}]}}