{"id":440,"date":"2018-04-05T11:35:13","date_gmt":"2018-04-05T09:35:13","guid":{"rendered":"https:\/\/www.hotelnapoleonpesaro.it\/pesaro\/"},"modified":"2019-01-30T15:54:12","modified_gmt":"2019-01-30T14:54:12","slug":"pesaro","status":"publish","type":"page","link":"https:\/\/www.hotelnapoleonpesaro.it\/fr\/pesaro\/","title":{"rendered":"Pesaro"},"content":{"rendered":"<p>Pesaro est une jolie ville d&rsquo;origine romaine. Sur les collines qui entourent la ville se trouve le Parc Naturel R\u00e9gional San Bartolo.<\/p>\n<p><strong>Lieux d&rsquo;int\u00e9r\u00eat historiques:<\/strong><\/p>\n<p><u>Palazzo Ducale<\/u><\/p>\n<p>Construit selon la volont\u00e9 d&rsquo;Alessandro Sforza au XVe si\u00e8cle.<\/p>\n<p><u>Chiese San Francesco e Sant&rsquo;Agostino<\/u><\/p>\n<p>R\u00e9alis\u00e9 vers la fin du XIIIe si\u00e8cle, quand la famille Malatesta prend le poivoir \u00e0 Pesaro.<\/p>\n<p><u>Rocca Costanza\u00a0<\/u><\/p>\n<p>Il s&rsquo;agit d&rsquo;une forteresse carr\u00e9e aux beaux donjons construite au XVe si\u00e8cle.<\/p>\n<p><u>Sfera Grande<\/u><\/p>\n<p>Plus connue sous le nom de Palla di Pomodoro (Ballon de Pomodoro), du nom de l&rsquo;artiste qui l&rsquo;a r\u00e9alis\u00e9e, Arnoldo Pomodoro.<\/p>\n<p><u>Cattedrale<\/u><\/p>\n<p>De style roman-gothique.<\/p>\n<p><u>Casa di Gioacchino Rossini<\/u><\/p>\n<p>La maison o\u00f9 le c\u00e9l\u00e8bre compositeur\u00a0appel\u00e9 \u201cLe Cygne Blanc\u00a0\u00bb<\/p>\n<p><u>Villa Imperiale<\/u><\/p>\n<p>Sur la belle colline San Bartolo, la Villa remonte au XVe si\u00e8cle.<\/p>\n<p><u>Musei Civici<\/u><\/p>\n<p>Avec une pinacoth\u00e8que et un mus\u00e9e des c\u00e9ramiques.<\/p>\n","protected":false},"excerpt":{"rendered":"<p>Pesaro est une jolie ville d&rsquo;origine romaine. Sur les collines qui entourent la ville se trouve le Parc Naturel R\u00e9gional San Bartolo. Lieux d&rsquo;int\u00e9r\u00eat historiques: Palazzo Ducale Construit selon la volont\u00e9 d&rsquo;Alessandro Sforza au XVe si\u00e8cle. Chiese San Francesco e Sant&rsquo;Agostino R\u00e9alis\u00e9 vers la fin du XIIIe si\u00e8cle, quand la famille Malatesta prend le poivoir \u00e0 Pesaro. Rocca Costanza\u00a0 Il s&rsquo;agit d&rsquo;une forteresse carr\u00e9e aux beaux donjons construite au XVe &#8230;<\/p>\n","protected":false},"author":1,"featured_media":0,"parent":0,"menu_order":0,"comment_status":"closed","ping_status":"closed","template":"","meta":{"_acf_changed":false},"class_list":["post-440","page","type-page","status-publish","hentry"],"acf":[],"_links":{"self":[{"href":"https:\/\/www.hotelnapoleonpesaro.it\/fr\/wp-json\/wp\/v2\/pages\/440","targetHints":{"allow":["GET"]}}],"collection":[{"href":"https:\/\/www.hotelnapoleonpesaro.it\/fr\/wp-json\/wp\/v2\/pages"}],"about":[{"href":"https:\/\/www.hotelnapoleonpesaro.it\/fr\/wp-json\/wp\/v2\/types\/page"}],"author":[{"embeddable":true,"href":"https:\/\/www.hotelnapoleonpesaro.it\/fr\/wp-json\/wp\/v2\/users\/1"}],"replies":[{"embeddable":true,"href":"https:\/\/www.hotelnapoleonpesaro.it\/fr\/wp-json\/wp\/v2\/comments?post=440"}],"version-history":[{"count":0,"href":"https:\/\/www.hotelnapoleonpesaro.it\/fr\/wp-json\/wp\/v2\/pages\/440\/revisions"}],"wp:attachment":[{"href":"https:\/\/www.hotelnapoleonpesaro.it\/fr\/wp-json\/wp\/v2\/media?parent=440"}],"curies":[{"name":"wp","href":"https:\/\/api.w.org\/{rel}","templated":true}]}}