{"id":443,"date":"2018-04-05T11:33:29","date_gmt":"2018-04-05T09:33:29","guid":{"rendered":"https:\/\/www.hotelnapoleonpesaro.it\/cura-e-attenzioni-per-i-nostri-piccoli-ospiti\/"},"modified":"2019-01-28T14:04:27","modified_gmt":"2019-01-28T13:04:27","slug":"enfants","status":"publish","type":"page","link":"https:\/\/www.hotelnapoleonpesaro.it\/fr\/enfants\/","title":{"rendered":"Enfants"},"content":{"rendered":"<p><strong>Nous avons nous-m\u00eames trois enfants. C&rsquo;est pourquoi nous comprenons parfaitement les exigences des familles.<\/strong> Nous chouchoutons les plus petits en mettant \u00e0 leur disposition une\u00a0<strong>biblioth\u00e8que<\/strong>, pour go\u00fbter au plaisir de lire un beau livre dans les bras de papa ou de maman.<br \/>\nSans oublier les nombreux <strong>jeux didactiques et de soci\u00e9t\u00e9<\/strong> pour permettre \u00e0 vos enfants de se faire de nouveaux copains.<\/p>\n<p>Et encore, animation quotidienne \u00e0 la plage et dans l&rsquo;h\u00f4tel.<br \/>\n<strong>Pour les b\u00e9b\u00e9s<\/strong>, l&rsquo;h\u00f4tel met \u00e0 la disposition des lits munis de ridelles, des bassines pour le bain, des r\u00e9ducteurs pour le W.C. et des escabeaux.<\/p>\n<p>Dans la salle du restaurant, les enfants trouveront des crayons de couleur et des feuilles pour dessiner; des jeux; des chaises rehauss\u00e9es; des assiettes et des verres color\u00e9s, incassables.<br \/>\nUtilisation gratuite de v\u00e9los dot\u00e9s de chaises pour enfant avant\/arri\u00e8re. V.T.T. pour les enfants.<\/p>\n<p>Sans oublier la <a href=\"https:\/\/www.hotelnapoleonpesaro.it\/fr\/piscine\/\"><strong>piscine<\/strong><\/a> et la <a href=\"https:\/\/www.hotelnapoleonpesaro.it\/fr\/plage\/\"><strong>plage<\/strong><\/a>!<\/p>\n<p>Cabinet de p\u00e9diatrie et pharmacie juste devant l&rsquo;h\u00f4tel.<\/p>\n","protected":false},"excerpt":{"rendered":"<p>Nous avons nous-m\u00eames trois enfants. C&rsquo;est pourquoi nous comprenons parfaitement les exigences des familles. Nous chouchoutons les plus petits en mettant \u00e0 leur disposition une\u00a0biblioth\u00e8que, pour go\u00fbter au plaisir de lire un beau livre dans les bras de papa ou de maman. Sans oublier les nombreux jeux didactiques et de soci\u00e9t\u00e9 pour permettre \u00e0 vos enfants de se faire de nouveaux copains. Et encore, animation quotidienne \u00e0 la plage et &#8230;<\/p>\n","protected":false},"author":1,"featured_media":0,"parent":0,"menu_order":0,"comment_status":"closed","ping_status":"closed","template":"","meta":{"_acf_changed":false},"class_list":["post-443","page","type-page","status-publish","hentry"],"acf":[],"_links":{"self":[{"href":"https:\/\/www.hotelnapoleonpesaro.it\/fr\/wp-json\/wp\/v2\/pages\/443","targetHints":{"allow":["GET"]}}],"collection":[{"href":"https:\/\/www.hotelnapoleonpesaro.it\/fr\/wp-json\/wp\/v2\/pages"}],"about":[{"href":"https:\/\/www.hotelnapoleonpesaro.it\/fr\/wp-json\/wp\/v2\/types\/page"}],"author":[{"embeddable":true,"href":"https:\/\/www.hotelnapoleonpesaro.it\/fr\/wp-json\/wp\/v2\/users\/1"}],"replies":[{"embeddable":true,"href":"https:\/\/www.hotelnapoleonpesaro.it\/fr\/wp-json\/wp\/v2\/comments?post=443"}],"version-history":[{"count":0,"href":"https:\/\/www.hotelnapoleonpesaro.it\/fr\/wp-json\/wp\/v2\/pages\/443\/revisions"}],"wp:attachment":[{"href":"https:\/\/www.hotelnapoleonpesaro.it\/fr\/wp-json\/wp\/v2\/media?parent=443"}],"curies":[{"name":"wp","href":"https:\/\/api.w.org\/{rel}","templated":true}]}}