{"id":482,"date":"2018-04-23T16:28:53","date_gmt":"2018-04-23T14:28:53","guid":{"rendered":"https:\/\/www.hotelnapoleonpesaro.it\/entroterra\/"},"modified":"2019-01-28T16:23:18","modified_gmt":"2019-01-28T15:23:18","slug":"arriere-pays","status":"publish","type":"page","link":"https:\/\/www.hotelnapoleonpesaro.it\/fr\/arriere-pays\/","title":{"rendered":"Arri\u00e8re-pays"},"content":{"rendered":"<h4><span style=\"color: #039dcb\"><strong>GRADARA KM 14<\/strong><\/span><\/h4>\n<p>Le Ch\u00e2teau de Gradara renferme en ses murs de nombreuses anecdotes anciennes et des histoires d&rsquo;amour inoubliables. Le ch\u00e2teau fort, qui s&rsquo;\u00e9l\u00e8ve comme une \u00eele verdoyante au milieu des collines des Marches, \u00e0 quelques kilom\u00e8tres de Cattolica, est un superbe exemple d&rsquo;architecture militaire du XIVe si\u00e8cle.<br \/>\nSa construction date sans doute du XIIe si\u00e8cle lorsque r\u00e9gnaient les Seigneurs de Gradara, et les diff\u00e9rents vassaux qui s&rsquo;y succ\u00e9d\u00e8rent &#8211; citons entre autres les Malatesta, les Sforza et les Della Rovere &#8211; ne se limit\u00e8rent pas \u00e0 en renforcer la puissance militaire et d\u00e9fensive ; ils embellirent \u00e9galement l&rsquo;int\u00e9rieur des salons par l&rsquo;acquisition de diff\u00e9rentes \u0153uvres d&rsquo;art.<br \/>\nA l&rsquo;int\u00e9rieur, il est possible d&rsquo;admirer une collection d&rsquo;armes, la salle des tortures et la chapelle qui contient un retable en terre cuite d&rsquo;Andrea della Robbia. Au premier \u00e9tage, les salles sont d\u00e9cor\u00e9es \u00e0 l&rsquo;aide de mobilier datant du XVe et XVIe si\u00e8cles. C&rsquo;est Gradara qui servit de cadre f\u00e9erique \u00e0 la tragique histoire de Paolo et Francesca ; amants adult\u00e8res, ils furent assassin\u00e9s par le mari de Francesca, fr\u00e8re de Paolo. De nombreux auteurs ont racont\u00e9 cette histoire, signalons notamment Dante dans le chant V de l&rsquo;enfer, mais aussi P\u00e9trarque, Boccace et D&rsquo;Annunzio. Gradara offre un cadre tr\u00e8s romantique pour les promenades en amoureux et ce plus particuli\u00e8rement encore en soir\u00e9e, lorsque les arbres s\u00e9culaires et l&rsquo;illumination savamment \u00e9tudi\u00e9e des rues cr\u00e9ent un magnifique paysage qui se m\u00e9lange \u00e0 l&rsquo;amour et \u00e0 la po\u00e9sie, \u00e0 l&rsquo;histoire et aux l\u00e9gendes.<\/p>\n<hr \/>\n<h4><span style=\"color: #039dcb\"><strong>URBINO KM 36<\/strong><\/span><\/h4>\n<p>Urbino est situ\u00e9e sur deux collines et offre un vaste panorama. Le territoire communal est compos\u00e9 de diff\u00e9rents quartiers situ\u00e9s \u00e0 quelques centaines de m\u00e8tres du tr\u00e8s beau centre historique. Ce dernier mesure environ un kilom\u00e8tre carr\u00e9 et a \u00e9t\u00e9 class\u00e9 au Patrimoine Mondial de l&rsquo;Humanit\u00e9 par l&rsquo;Unesco.<br \/>\nLa ville a une origine tr\u00e8s ancienne et, bien que l&rsquo;on ne poss\u00e8de aucune information sur ses premiers habitants, des fouilles arch\u00e9ologiques r\u00e9centes confirment la pr\u00e9sence d&rsquo;un noyau d&rsquo;habitations datant environ du IVe si\u00e8cle av. J.-C.<br \/>\nDe nombreux parcours diff\u00e9rents sont possibles pour visiter Urbino. La forteresse d&rsquo;Albornoz peut \u00eatre un bon point de d\u00e9part, tout comme la Porte Valbona qui permet de rejoindre la place principale et le c\u0153ur de la ville en quelques minutes.<br \/>\nParmi les monuments dignes d&rsquo;int\u00e9r\u00eat, signalons : Le Palais Ducal, caract\u00e9ris\u00e9 par les petites tours qui en d\u00e9limitent la partie post\u00e9rieure; la Maison de Raffaello situ\u00e9e au num\u00e9ro 57 de la rue du m\u00eame nom et o\u00f9 il est possible d&rsquo;admirer la maison o\u00f9 v\u00e9cut le c\u00e9l\u00e8bre peintre ainsi qu&rsquo;une oeuvre de jeunesse; le Monument de Raffaello, \u0153uvre en bronze datant de 1897 et r\u00e9alis\u00e9e par le sculpteur Luigi Belli, qui se trouve sur la Piazzale Roma dans le quartier Pian del Monte; la Cath\u00e9drale, en style n\u00e9oclassique (de l&rsquo;architecte Giuseppe Valadier) qui contient certaines toiles de Federico Barocci et enfin l&rsquo;Ob\u00e9lisque \u00e9gyptien, face \u00e0 l&rsquo;Eglise de San Domenico, qui date environ de l&rsquo;an 580 av. J.-C.<br \/>\nIl est \u00e9galement possible de visiter le Monast\u00e8re de Santa Chiara \u00e0 la construction duquel a particip\u00e9 le c\u00e9l\u00e8bre architecte siennois, Francesco di Giorgio Martini.<br \/>\nUrbino offre, enfin, aux visiteurs diff\u00e9rents mus\u00e9es et galeries ainsi qu&rsquo;un jardin botanique, riche de 2300 esp\u00e8ces de plantes, qui est annex\u00e9 \u00e0 la Facult\u00e9 des Sciences Chimiques, Physiques et Naturelles de l&rsquo;Universit\u00e9.<\/p>\n<hr \/>\n<h4><span style=\"color: #039dcb\"><strong>SAN MARINO KM 60<\/strong><\/span><\/h4>\n<p>A 750 m\u00e8tres d&rsquo;altitude, l&rsquo;Etat souverain le plus petit et le plus ancien du monde, qui maintient son ind\u00e9pendance et sa libert\u00e9 depuis des si\u00e8cles. Sur le mont Titano s&rsquo;\u00e9lancent les silhouettes des trois tours (la Guaita, la Cesta et le Montale), symbole de la r\u00e9publique, une terre qui vante entre autre une remarquable tradition philat\u00e9lique et numismatique, appr\u00e9ci\u00e9e dans le monde entier.<\/p>\n<hr \/>\n<h4><span style=\"color: #039dcb\"><strong>SAN LEO KM 72<\/strong><\/span><\/h4>\n<p>Au c\u0153ur de la vall\u00e9e du Marecchia, sur un col de 600 m\u00e8tres, San Leo s&rsquo;affirme comme la capitale historique de la famille des Montefeltro. Elle est c\u00e9l\u00e8bre pour sa forteresse, son \u00e9glise paroissiale, sa cath\u00e9drale mais aussi pour le myst\u00e9rieux et fascinant comte Cagliostro, alchimiste qui mourut en 1795 dans la forteresse o\u00f9 il \u00e9tait emprisonn\u00e9.<\/p>\n<hr \/>\n<h4><span style=\"color: #039dcb\"><strong>GROTTE DI FRASASSI KM 102<\/strong><\/span><\/h4>\n<p>Les grottes de Frasassi ont \u00e9t\u00e9 d\u00e9couvertes en 1971 par un groupe de sp\u00e9l\u00e9ologues d&rsquo;Anc\u00f4ne mais ne furent ouvertes au public qu&rsquo;en 1974; elles repr\u00e9sentent aujourd&rsquo;hui une des attractions touristiques majeures des Marches. En route vers ces merveilleuses grottes il est possible d&rsquo;admirer l&rsquo;arri\u00e8re pays des Marches avec ses douces collines et ses petits villages accroch\u00e9s aux montagnes. Les grottes de Frasassi sont des grottes souterraines karstiques qui se situent \u00e0 l&rsquo;int\u00e9rieur du Parc Naturel de la \u00ab\u00a0Gola della Rossa\u00a0\u00bb dans la commune de Genga, adorable village m\u00e9di\u00e9val et si\u00e8ge d&rsquo;un petit ch\u00e2teau l\u00e9gendaire.<br \/>\nDes touristes viennent de l&rsquo;Europe enti\u00e8re pour admirer ce monde magique fait de stalagmites, de stalactites et de petits lacs. L&rsquo;eau ruisselant sur le calcaire en dissout d&rsquo;infimes particules qui, en tombant, forment des stalagmites et des stalactites. On trouve \u00e9galement \u00e0 l&rsquo;int\u00e9rieur des grottes de petits lacs form\u00e9s par stillation (eau qui tombe goutte \u00e0 goutte); et la temp\u00e9rature int\u00e9rieure y est constante, naturellement \u00e0 14\u00b0c.<br \/>\nLe parcours propos\u00e9 dans les grottes est tr\u00e8s plaisant, notamment gr\u00e2ce \u00e0 l&rsquo;illumination qui met en valeur les couleurs et les formes. Les tr\u00e8s belles salles, constitu\u00e9es d&rsquo;arabesques de cristal, portent chacune un nom : Abisso Ancona, Salle des Duecento, Salle de l&rsquo;Orsa, Grand Canyon. A l&rsquo;int\u00e9rieur des grottes de Frasassi, espace priv\u00e9 de perspective et de point de r\u00e9f\u00e9rence, il est facile de perdre compl\u00e8tement le sens de l&rsquo;orientation et de ne plus se rendre compte des r\u00e9elles dimensions des stalactites et stalagmites. La r\u00e9gion de Frasassi est une des plus importantes zones arch\u00e9ologiques d&rsquo;Europe et la pr\u00e9sence, depuis quelques temps, d&rsquo;un couple d&rsquo;aigles royaux t\u00e9moigne de la puret\u00e9 du lieu.<\/p>\n<hr \/>\n<h4><span style=\"color: #039dcb\"><strong>FANO KM 12<\/strong><\/span><\/h4>\n<p>La ville \u00ab\u00a0Fanum Fortunae\u00a0\u00bb des anciens Romains \u00e9tait un lieu sacr\u00e9 tr\u00e9s important, en fait le mot Fanum repr\u00e9sente une r\u00e9f\u00e9rence claire \u00e0 un lieu sacr\u00e9e ou un temple d\u00e9di\u00e9 au culte de la d\u00edesse Fortuna. Les principaux monuments de la ville sont: l&rsquo;Arc d&rsquo;Auguste, les murs romains qui maintiennent encore pr\u00e9s des deux tiers du circuit original, la forteresse des Malatesta.<\/p>\n","protected":false},"excerpt":{"rendered":"<p>GRADARA KM 14 Le Ch\u00e2teau de Gradara renferme en ses murs de nombreuses anecdotes anciennes et des histoires d&rsquo;amour inoubliables. Le ch\u00e2teau fort, qui s&rsquo;\u00e9l\u00e8ve comme une \u00eele verdoyante au milieu des collines des Marches, \u00e0 quelques kilom\u00e8tres de Cattolica, est un superbe exemple d&rsquo;architecture militaire du XIVe si\u00e8cle. Sa construction date sans doute du XIIe si\u00e8cle lorsque r\u00e9gnaient les Seigneurs de Gradara, et les diff\u00e9rents vassaux qui s&rsquo;y succ\u00e9d\u00e8rent &#8230;<\/p>\n","protected":false},"author":1,"featured_media":0,"parent":0,"menu_order":0,"comment_status":"closed","ping_status":"closed","template":"","meta":{"_acf_changed":false},"class_list":["post-482","page","type-page","status-publish","hentry"],"acf":[],"_links":{"self":[{"href":"https:\/\/www.hotelnapoleonpesaro.it\/fr\/wp-json\/wp\/v2\/pages\/482","targetHints":{"allow":["GET"]}}],"collection":[{"href":"https:\/\/www.hotelnapoleonpesaro.it\/fr\/wp-json\/wp\/v2\/pages"}],"about":[{"href":"https:\/\/www.hotelnapoleonpesaro.it\/fr\/wp-json\/wp\/v2\/types\/page"}],"author":[{"embeddable":true,"href":"https:\/\/www.hotelnapoleonpesaro.it\/fr\/wp-json\/wp\/v2\/users\/1"}],"replies":[{"embeddable":true,"href":"https:\/\/www.hotelnapoleonpesaro.it\/fr\/wp-json\/wp\/v2\/comments?post=482"}],"version-history":[{"count":0,"href":"https:\/\/www.hotelnapoleonpesaro.it\/fr\/wp-json\/wp\/v2\/pages\/482\/revisions"}],"wp:attachment":[{"href":"https:\/\/www.hotelnapoleonpesaro.it\/fr\/wp-json\/wp\/v2\/media?parent=482"}],"curies":[{"name":"wp","href":"https:\/\/api.w.org\/{rel}","templated":true}]}}