{"id":486,"date":"2018-04-23T16:00:38","date_gmt":"2018-04-23T14:00:38","guid":{"rendered":"https:\/\/www.hotelnapoleonpesaro.it\/itinerari-naturalistici\/"},"modified":"2019-01-14T18:47:32","modified_gmt":"2019-01-14T17:47:32","slug":"parcs-naturels","status":"publish","type":"page","link":"https:\/\/www.hotelnapoleonpesaro.it\/fr\/parcs-naturels\/","title":{"rendered":"Parcs naturels"},"content":{"rendered":"<p>La gorge du Furlo (<strong>Gola del Furlo<\/strong>) est un long goulet naturel, occup\u00e9 aujourd&rsquo;hui par un lac de barrage, situ\u00e9 sur l&rsquo;ancien trac\u00e9 de la Via Flaminia, en aval de la cit\u00e9 d&rsquo;Acqualagna, au fond duquel coule le fleuve Metaure, qui vient de recevoir les eaux de son affluent le Candigliano. Depuis quelques ann\u00e9es, le trafic routier est d\u00e9vi\u00e9 par un tunnel moderne long de plus de 3 km (la \u00ab passe du Furlo \u00bb), creus\u00e9 \u00e0 travers l&rsquo;Apennin.<\/p>\n<hr \/>\n<p><strong>La gorge du Furlo<\/strong> constitue une attraction touristique, \u00e9lev\u00e9e en 2001 au rang de \u00ab r\u00e9serve naturelle nationale de la Gola del Furlo\u00bb.<\/p>\n","protected":false},"excerpt":{"rendered":"<p>La gorge du Furlo (Gola del Furlo) est un long goulet naturel, occup\u00e9 aujourd&rsquo;hui par un lac de barrage, situ\u00e9 sur l&rsquo;ancien trac\u00e9 de la Via Flaminia, en aval de la cit\u00e9 d&rsquo;Acqualagna, au fond duquel coule le fleuve Metaure, qui vient de recevoir les eaux de son affluent le Candigliano. Depuis quelques ann\u00e9es, le trafic routier est d\u00e9vi\u00e9 par un tunnel moderne long de plus de 3 km (la &#8230;<\/p>\n","protected":false},"author":1,"featured_media":0,"parent":0,"menu_order":0,"comment_status":"closed","ping_status":"closed","template":"","meta":{"_acf_changed":false},"class_list":["post-486","page","type-page","status-publish","hentry"],"acf":[],"_links":{"self":[{"href":"https:\/\/www.hotelnapoleonpesaro.it\/fr\/wp-json\/wp\/v2\/pages\/486","targetHints":{"allow":["GET"]}}],"collection":[{"href":"https:\/\/www.hotelnapoleonpesaro.it\/fr\/wp-json\/wp\/v2\/pages"}],"about":[{"href":"https:\/\/www.hotelnapoleonpesaro.it\/fr\/wp-json\/wp\/v2\/types\/page"}],"author":[{"embeddable":true,"href":"https:\/\/www.hotelnapoleonpesaro.it\/fr\/wp-json\/wp\/v2\/users\/1"}],"replies":[{"embeddable":true,"href":"https:\/\/www.hotelnapoleonpesaro.it\/fr\/wp-json\/wp\/v2\/comments?post=486"}],"version-history":[{"count":0,"href":"https:\/\/www.hotelnapoleonpesaro.it\/fr\/wp-json\/wp\/v2\/pages\/486\/revisions"}],"wp:attachment":[{"href":"https:\/\/www.hotelnapoleonpesaro.it\/fr\/wp-json\/wp\/v2\/media?parent=486"}],"curies":[{"name":"wp","href":"https:\/\/api.w.org\/{rel}","templated":true}]}}